{"id":62415,"date":"2025-11-11T10:49:39","date_gmt":"2025-11-11T09:49:39","guid":{"rendered":"https:\/\/www.ernstbrunn-apotheke.at\/katalog\/produkt\/podosyn-fuss-deo-pudergel-75-ml\/"},"modified":"2025-12-08T17:30:59","modified_gmt":"2025-12-08T16:30:59","slug":"podosyn-fuss-deo-pudergel-75-ml","status":"publish","type":"product","link":"https:\/\/www.ernstbrunn-apotheke.at\/katalog\/produkt\/podosyn-fuss-deo-pudergel-75-ml\/","title":{"rendered":"Podosyn Fu\u00df Deo-Pudergel 75 ml"},"content":{"rendered":"<p>Podosyn Fu\u00df Deo-Pudergel befreit von l\u00e4stigen Fu\u00dfschwei\u00df und stoppt Schwei\u00df und Geruch noch bevor sie entstehen. Die Gelkomponente mit den pflegenden Inhaltsstoffen zieht rasch in die Haut ein . F\u00fcr angenehm trockene und frische F\u00fc\u00dfe.<\/p>\n","protected":false},"excerpt":{"rendered":"<p>Podosyn Fu\u00df Deo-Pudergel befreit von l\u00e4stigen Fu\u00dfschwei\u00df und stoppt Schwei\u00df und Geruch noch bevor sie entstehen. Die Gelkomponente mit den pflegenden Inhaltsstoffen zieht rasch in die Haut ein . F\u00fcr angenehm trockene und frische F\u00fc\u00dfe.<\/p>\n","protected":false},"featured_media":62417,"template":"","meta":{"_acf_changed":false},"product_brand":[],"product_cat":[793],"product_tag":[],"class_list":{"0":"post-62415","1":"product","2":"type-product","3":"status-publish","4":"has-post-thumbnail","6":"product_cat-p","7":"pa_packungsgroesse-75ml","9":"first","10":"instock","11":"shipping-taxable","12":"purchasable","13":"product-type-simple"},"acf":[],"_links":{"self":[{"href":"https:\/\/www.ernstbrunn-apotheke.at\/katalog\/wp-json\/wp\/v2\/product\/62415","targetHints":{"allow":["GET"]}}],"collection":[{"href":"https:\/\/www.ernstbrunn-apotheke.at\/katalog\/wp-json\/wp\/v2\/product"}],"about":[{"href":"https:\/\/www.ernstbrunn-apotheke.at\/katalog\/wp-json\/wp\/v2\/types\/product"}],"wp:featuredmedia":[{"embeddable":true,"href":"https:\/\/www.ernstbrunn-apotheke.at\/katalog\/wp-json\/wp\/v2\/media\/62417"}],"wp:attachment":[{"href":"https:\/\/www.ernstbrunn-apotheke.at\/katalog\/wp-json\/wp\/v2\/media?parent=62415"}],"wp:term":[{"taxonomy":"product_brand","embeddable":true,"href":"https:\/\/www.ernstbrunn-apotheke.at\/katalog\/wp-json\/wp\/v2\/product_brand?post=62415"},{"taxonomy":"product_cat","embeddable":true,"href":"https:\/\/www.ernstbrunn-apotheke.at\/katalog\/wp-json\/wp\/v2\/product_cat?post=62415"},{"taxonomy":"product_tag","embeddable":true,"href":"https:\/\/www.ernstbrunn-apotheke.at\/katalog\/wp-json\/wp\/v2\/product_tag?post=62415"}],"curies":[{"name":"wp","href":"https:\/\/api.w.org\/{rel}","templated":true}]}}