{"id":62400,"date":"2025-11-11T10:49:19","date_gmt":"2025-11-11T09:49:19","guid":{"rendered":"https:\/\/www.ernstbrunn-apotheke.at\/katalog\/produkt\/melasan-salzcaps-sport-100-stk-kapseln\/"},"modified":"2025-12-08T17:30:54","modified_gmt":"2025-12-08T16:30:54","slug":"melasan-salzcaps-sport-100-stk-kapseln","status":"publish","type":"product","link":"https:\/\/www.ernstbrunn-apotheke.at\/katalog\/produkt\/melasan-salzcaps-sport-100-stk-kapseln\/","title":{"rendered":"Melasan Salzcaps Sport 100 Stk. Kapseln"},"content":{"rendered":"<p>Melasan Salzcaps Sport 100 Stk. Kapseln gegen drohende Muskelkr\u00e4mpfe bei starkem Schwei\u00dfverlust, speziell im Ausdauersport. Die Kapseln enthalten einen hohen Anteil an sofort verf\u00fcgbarem Natrium, aber auch Kalium, Magnesium, Kalzium und Zink. Die Formulierung hat sich bereits unter h\u00e4rtesten Wettkampfbedingungen in der Praxis bew\u00e4hrt und in unseren Tests als die am besten vertr\u00e4gliche Form der Salzzufuhr gek\u00fcrt worden \u0096 jetzt<\/p>\n","protected":false},"excerpt":{"rendered":"<p>Melasan Salzcaps Sport 100 Stk. Kapseln gegen drohende Muskelkr\u00e4mpfe bei starkem Schwei\u00dfverlust, speziell im Ausdauersport. Die Kapseln enthalten einen hohen Anteil an sofort verf\u00fcgbarem Natrium, aber auch Kalium, Magnesium, Kalzium und Zink. Die Formulierung hat sich bereits unter h\u00e4rtesten Wettkampfbedingungen in der Praxis bew\u00e4hrt und in unseren Tests als die am besten vertr\u00e4gliche Form der [&hellip;]<\/p>\n","protected":false},"featured_media":0,"template":"","meta":{"_acf_changed":false},"product_brand":[373],"product_cat":[800],"product_tag":[],"class_list":{"0":"post-62400","1":"product","2":"type-product","3":"status-publish","5":"product_brand-melasan","6":"product_cat-m","7":"pa_packungsgroesse-100-stueck","9":"first","10":"instock","11":"shipping-taxable","12":"purchasable","13":"product-type-simple"},"acf":[],"_links":{"self":[{"href":"https:\/\/www.ernstbrunn-apotheke.at\/katalog\/wp-json\/wp\/v2\/product\/62400","targetHints":{"allow":["GET"]}}],"collection":[{"href":"https:\/\/www.ernstbrunn-apotheke.at\/katalog\/wp-json\/wp\/v2\/product"}],"about":[{"href":"https:\/\/www.ernstbrunn-apotheke.at\/katalog\/wp-json\/wp\/v2\/types\/product"}],"wp:attachment":[{"href":"https:\/\/www.ernstbrunn-apotheke.at\/katalog\/wp-json\/wp\/v2\/media?parent=62400"}],"wp:term":[{"taxonomy":"product_brand","embeddable":true,"href":"https:\/\/www.ernstbrunn-apotheke.at\/katalog\/wp-json\/wp\/v2\/product_brand?post=62400"},{"taxonomy":"product_cat","embeddable":true,"href":"https:\/\/www.ernstbrunn-apotheke.at\/katalog\/wp-json\/wp\/v2\/product_cat?post=62400"},{"taxonomy":"product_tag","embeddable":true,"href":"https:\/\/www.ernstbrunn-apotheke.at\/katalog\/wp-json\/wp\/v2\/product_tag?post=62400"}],"curies":[{"name":"wp","href":"https:\/\/api.w.org\/{rel}","templated":true}]}}