{"id":62395,"date":"2025-11-11T10:49:14","date_gmt":"2025-11-11T09:49:14","guid":{"rendered":"https:\/\/www.ernstbrunn-apotheke.at\/katalog\/produkt\/melasan-heissgetraenk-mit-vitamin-c-zink-taurin-640-g\/"},"modified":"2025-12-08T17:30:51","modified_gmt":"2025-12-08T16:30:51","slug":"melasan-heissgetraenk-mit-vitamin-c-zink-taurin-640-g","status":"publish","type":"product","link":"https:\/\/www.ernstbrunn-apotheke.at\/katalog\/produkt\/melasan-heissgetraenk-mit-vitamin-c-zink-taurin-640-g\/","title":{"rendered":"Melasan Hei\u00dfgetr\u00e4nk mit Vitamin C, Zink &#038; Taurin 640 g"},"content":{"rendered":"<p>Melasan Hei\u00dfgetr\u00e4nk mit Vitamin C, Zink &#038; Taurin 640 g ist das erste Sport-Hei\u00dfgetr\u00e4nk mit Vitamin C, Zink, Taurin und hochwertigen Kohlenhydraten auf dem Markt. St\u00e4rken Sie mit dem Melasan\u00ae Sport Hei\u00dfgetr\u00e4nk Ihr Immunsystem und f\u00f6rdern Sie Ihren Energiestoffwechsel. Unter k\u00f6rperlicher Belastung wird die Erm\u00fcdung verringert und durch den Zusatz von Ingwer wird eine w\u00e4rmende und wohltuende Wirkung erzielt.<\/p>\n","protected":false},"excerpt":{"rendered":"<p>Melasan Hei\u00dfgetr\u00e4nk mit Vitamin C, Zink &#038; Taurin 640 g ist das erste Sport-Hei\u00dfgetr\u00e4nk mit Vitamin C, Zink, Taurin und hochwertigen Kohlenhydraten auf dem Markt. St\u00e4rken Sie mit dem Melasan\u00ae Sport Hei\u00dfgetr\u00e4nk Ihr Immunsystem und f\u00f6rdern Sie Ihren Energiestoffwechsel. Unter k\u00f6rperlicher Belastung wird die Erm\u00fcdung verringert und durch den Zusatz von Ingwer wird eine w\u00e4rmende [&hellip;]<\/p>\n","protected":false},"featured_media":62397,"template":"","meta":{"_acf_changed":false},"product_brand":[373],"product_cat":[800],"product_tag":[],"class_list":{"0":"post-62395","1":"product","2":"type-product","3":"status-publish","4":"has-post-thumbnail","6":"product_brand-melasan","7":"product_cat-m","8":"pa_packungsgroesse-650g","10":"first","11":"instock","12":"shipping-taxable","13":"purchasable","14":"product-type-simple"},"acf":[],"_links":{"self":[{"href":"https:\/\/www.ernstbrunn-apotheke.at\/katalog\/wp-json\/wp\/v2\/product\/62395","targetHints":{"allow":["GET"]}}],"collection":[{"href":"https:\/\/www.ernstbrunn-apotheke.at\/katalog\/wp-json\/wp\/v2\/product"}],"about":[{"href":"https:\/\/www.ernstbrunn-apotheke.at\/katalog\/wp-json\/wp\/v2\/types\/product"}],"wp:featuredmedia":[{"embeddable":true,"href":"https:\/\/www.ernstbrunn-apotheke.at\/katalog\/wp-json\/wp\/v2\/media\/62397"}],"wp:attachment":[{"href":"https:\/\/www.ernstbrunn-apotheke.at\/katalog\/wp-json\/wp\/v2\/media?parent=62395"}],"wp:term":[{"taxonomy":"product_brand","embeddable":true,"href":"https:\/\/www.ernstbrunn-apotheke.at\/katalog\/wp-json\/wp\/v2\/product_brand?post=62395"},{"taxonomy":"product_cat","embeddable":true,"href":"https:\/\/www.ernstbrunn-apotheke.at\/katalog\/wp-json\/wp\/v2\/product_cat?post=62395"},{"taxonomy":"product_tag","embeddable":true,"href":"https:\/\/www.ernstbrunn-apotheke.at\/katalog\/wp-json\/wp\/v2\/product_tag?post=62395"}],"curies":[{"name":"wp","href":"https:\/\/api.w.org\/{rel}","templated":true}]}}