{"id":62371,"date":"2025-11-11T10:48:45","date_gmt":"2025-11-11T09:48:45","guid":{"rendered":"https:\/\/www.ernstbrunn-apotheke.at\/katalog\/produkt\/dr-hauschka-koerperpflegeoel-birke-arnika\/"},"modified":"2025-12-08T17:30:42","modified_gmt":"2025-12-08T16:30:42","slug":"dr-hauschka-koerperpflegeoel-birke-arnika","status":"publish","type":"product","link":"https:\/\/www.ernstbrunn-apotheke.at\/katalog\/produkt\/dr-hauschka-koerperpflegeoel-birke-arnika\/","title":{"rendered":"Dr. Hauschka K\u00d6RPERPFLEGE\u00d6L Birke \/ Arnika"},"content":{"rendered":"<p>Dr. Hauschka K\u00f6rper Pflege\u00f6l ist ein ausgleichendes und harmonisierendes Pflege\u00f6l, das f\u00fcr geschmeidige Haut sorgt und bei Nervosit\u00e4t und seelischer Ersch\u00f6pfung beruhigt und ausgleicht. Das Produkt bewahrt die Feuchtigkeit der Haut, sie wird weich und geschmeidig.<\/p>\n","protected":false},"excerpt":{"rendered":"<p>Dr. Hauschka K\u00f6rper Pflege\u00f6l ist ein ausgleichendes und harmonisierendes Pflege\u00f6l, das f\u00fcr geschmeidige Haut sorgt und bei Nervosit\u00e4t und seelischer Ersch\u00f6pfung beruhigt und ausgleicht. Das Produkt bewahrt die Feuchtigkeit der Haut, sie wird weich und geschmeidig.<\/p>\n","protected":false},"featured_media":62373,"template":"","meta":{"_acf_changed":false},"product_brand":[679],"product_cat":[792],"product_tag":[],"class_list":{"0":"post-62371","1":"product","2":"type-product","3":"status-publish","4":"has-post-thumbnail","6":"product_brand-dr-hauschka","7":"product_cat-d","8":"pa_packungsgroesse-75ml","10":"first","11":"instock","12":"shipping-taxable","13":"purchasable","14":"product-type-simple"},"acf":[],"_links":{"self":[{"href":"https:\/\/www.ernstbrunn-apotheke.at\/katalog\/wp-json\/wp\/v2\/product\/62371","targetHints":{"allow":["GET"]}}],"collection":[{"href":"https:\/\/www.ernstbrunn-apotheke.at\/katalog\/wp-json\/wp\/v2\/product"}],"about":[{"href":"https:\/\/www.ernstbrunn-apotheke.at\/katalog\/wp-json\/wp\/v2\/types\/product"}],"wp:featuredmedia":[{"embeddable":true,"href":"https:\/\/www.ernstbrunn-apotheke.at\/katalog\/wp-json\/wp\/v2\/media\/62373"}],"wp:attachment":[{"href":"https:\/\/www.ernstbrunn-apotheke.at\/katalog\/wp-json\/wp\/v2\/media?parent=62371"}],"wp:term":[{"taxonomy":"product_brand","embeddable":true,"href":"https:\/\/www.ernstbrunn-apotheke.at\/katalog\/wp-json\/wp\/v2\/product_brand?post=62371"},{"taxonomy":"product_cat","embeddable":true,"href":"https:\/\/www.ernstbrunn-apotheke.at\/katalog\/wp-json\/wp\/v2\/product_cat?post=62371"},{"taxonomy":"product_tag","embeddable":true,"href":"https:\/\/www.ernstbrunn-apotheke.at\/katalog\/wp-json\/wp\/v2\/product_tag?post=62371"}],"curies":[{"name":"wp","href":"https:\/\/api.w.org\/{rel}","templated":true}]}}