{"id":62313,"date":"2025-11-11T10:47:33","date_gmt":"2025-11-11T09:47:33","guid":{"rendered":"https:\/\/www.ernstbrunn-apotheke.at\/katalog\/produkt\/espara-vitamin-d3-k2-kapseln-100-stk\/"},"modified":"2025-12-08T17:30:20","modified_gmt":"2025-12-08T16:30:20","slug":"espara-vitamin-d3-k2-kapseln-100-stk","status":"publish","type":"product","link":"https:\/\/www.ernstbrunn-apotheke.at\/katalog\/produkt\/espara-vitamin-d3-k2-kapseln-100-stk\/","title":{"rendered":"Espara Vitamin D3-K2 Kapseln 100 Stk."},"content":{"rendered":"<p>Nahrungserg\u00e4nzungsmittel mit Vitaminen. Vitamin K tr\u00e4gt zur normalen Blutgerinnung und ebenso wie Vitamin D zur Erhaltung normaler Knochen bei. Vitamin D unterst\u00fctzt einen normalen Blut-Calcium-Spiegel und die normale Immunfunktion.<\/p>\n","protected":false},"excerpt":{"rendered":"<p>Nahrungserg\u00e4nzungsmittel mit Vitaminen. Vitamin K tr\u00e4gt zur normalen Blutgerinnung und ebenso wie Vitamin D zur Erhaltung normaler Knochen bei. Vitamin D unterst\u00fctzt einen normalen Blut-Calcium-Spiegel und die normale Immunfunktion.<\/p>\n","protected":false},"featured_media":62315,"template":"","meta":{"_acf_changed":false},"product_brand":[383],"product_cat":[794],"product_tag":[],"class_list":{"0":"post-62313","1":"product","2":"type-product","3":"status-publish","4":"has-post-thumbnail","6":"product_brand-espara","7":"product_cat-e","8":"pa_packungsgroesse-100-stueck","10":"first","11":"instock","12":"shipping-taxable","13":"purchasable","14":"product-type-simple"},"acf":[],"_links":{"self":[{"href":"https:\/\/www.ernstbrunn-apotheke.at\/katalog\/wp-json\/wp\/v2\/product\/62313","targetHints":{"allow":["GET"]}}],"collection":[{"href":"https:\/\/www.ernstbrunn-apotheke.at\/katalog\/wp-json\/wp\/v2\/product"}],"about":[{"href":"https:\/\/www.ernstbrunn-apotheke.at\/katalog\/wp-json\/wp\/v2\/types\/product"}],"wp:featuredmedia":[{"embeddable":true,"href":"https:\/\/www.ernstbrunn-apotheke.at\/katalog\/wp-json\/wp\/v2\/media\/62315"}],"wp:attachment":[{"href":"https:\/\/www.ernstbrunn-apotheke.at\/katalog\/wp-json\/wp\/v2\/media?parent=62313"}],"wp:term":[{"taxonomy":"product_brand","embeddable":true,"href":"https:\/\/www.ernstbrunn-apotheke.at\/katalog\/wp-json\/wp\/v2\/product_brand?post=62313"},{"taxonomy":"product_cat","embeddable":true,"href":"https:\/\/www.ernstbrunn-apotheke.at\/katalog\/wp-json\/wp\/v2\/product_cat?post=62313"},{"taxonomy":"product_tag","embeddable":true,"href":"https:\/\/www.ernstbrunn-apotheke.at\/katalog\/wp-json\/wp\/v2\/product_tag?post=62313"}],"curies":[{"name":"wp","href":"https:\/\/api.w.org\/{rel}","templated":true}]}}