{"id":62260,"date":"2025-11-11T10:46:29","date_gmt":"2025-11-11T09:46:29","guid":{"rendered":"https:\/\/www.ernstbrunn-apotheke.at\/katalog\/produkt\/probiotik-protect-30-x-2-g\/"},"modified":"2025-12-08T17:30:02","modified_gmt":"2025-12-08T16:30:02","slug":"probiotik-protect-30-x-2-g","status":"publish","type":"product","link":"https:\/\/www.ernstbrunn-apotheke.at\/katalog\/produkt\/probiotik-protect-30-x-2-g\/","title":{"rendered":"Probiotik Protect 30 x 2 g"},"content":{"rendered":"<p>Probiotik Protect ist ein Nahrungserg\u00e4nzungsmittel, das einen aufeinander abgestimmten Komplex aus 11 nat\u00fcrlichen, stoffwechselaktiven Bakterienkulturen sowie Vitamin B2 enth\u00e4lt. Au\u00dferdem beinhaltet es die Gattungen der Laktobazillen, Bifidobakterien, Enterokokken und Laktokokken.<\/p>\n","protected":false},"excerpt":{"rendered":"<p>Probiotik Protect ist ein Nahrungserg\u00e4nzungsmittel, das einen aufeinander abgestimmten Komplex aus 11 nat\u00fcrlichen, stoffwechselaktiven Bakterienkulturen sowie Vitamin B2 enth\u00e4lt. Au\u00dferdem beinhaltet es die Gattungen der Laktobazillen, Bifidobakterien, Enterokokken und Laktokokken.<\/p>\n","protected":false},"featured_media":62262,"template":"","meta":{"_acf_changed":false},"product_brand":[],"product_cat":[793],"product_tag":[],"class_list":{"0":"post-62260","1":"product","2":"type-product","3":"status-publish","4":"has-post-thumbnail","6":"product_cat-p","7":"pa_packungsgroesse-30-beutel","9":"first","10":"instock","11":"shipping-taxable","12":"purchasable","13":"product-type-simple"},"acf":[],"_links":{"self":[{"href":"https:\/\/www.ernstbrunn-apotheke.at\/katalog\/wp-json\/wp\/v2\/product\/62260","targetHints":{"allow":["GET"]}}],"collection":[{"href":"https:\/\/www.ernstbrunn-apotheke.at\/katalog\/wp-json\/wp\/v2\/product"}],"about":[{"href":"https:\/\/www.ernstbrunn-apotheke.at\/katalog\/wp-json\/wp\/v2\/types\/product"}],"wp:featuredmedia":[{"embeddable":true,"href":"https:\/\/www.ernstbrunn-apotheke.at\/katalog\/wp-json\/wp\/v2\/media\/62262"}],"wp:attachment":[{"href":"https:\/\/www.ernstbrunn-apotheke.at\/katalog\/wp-json\/wp\/v2\/media?parent=62260"}],"wp:term":[{"taxonomy":"product_brand","embeddable":true,"href":"https:\/\/www.ernstbrunn-apotheke.at\/katalog\/wp-json\/wp\/v2\/product_brand?post=62260"},{"taxonomy":"product_cat","embeddable":true,"href":"https:\/\/www.ernstbrunn-apotheke.at\/katalog\/wp-json\/wp\/v2\/product_cat?post=62260"},{"taxonomy":"product_tag","embeddable":true,"href":"https:\/\/www.ernstbrunn-apotheke.at\/katalog\/wp-json\/wp\/v2\/product_tag?post=62260"}],"curies":[{"name":"wp","href":"https:\/\/api.w.org\/{rel}","templated":true}]}}