{"id":62198,"date":"2025-11-11T10:45:02","date_gmt":"2025-11-11T09:45:02","guid":{"rendered":"https:\/\/www.ernstbrunn-apotheke.at\/katalog\/produkt\/apocare-herz-kreislaufwohl-kapseln-60-stk\/"},"modified":"2025-12-08T17:29:47","modified_gmt":"2025-12-08T16:29:47","slug":"apocare-herz-kreislaufwohl-kapseln-60-stk","status":"publish","type":"product","link":"https:\/\/www.ernstbrunn-apotheke.at\/katalog\/produkt\/apocare-herz-kreislaufwohl-kapseln-60-stk\/","title":{"rendered":"Apocare  Herz &#038; KreislaufWohl Kapseln 60 Stk."},"content":{"rendered":"<p>Herz &amp; KreislaufWohl ist ein Nahrungserg\u00e4nzungsmittel, das auf nat\u00fcrlicher Basis mit Wei\u00dfdorn, L-Carnitin und Coenzym Q10 Ihren Kreislauf st\u00e4rkt und Sie im Alltag belastbarer macht.<\/p>\n<p>&#13;<\/p>\n<p>\u00a0<\/p>\n<p>&#13;<\/p>\n<p><strong>Wirkung<\/strong><\/p>\n<p>&#13;<\/p>\n<p><strong>Wei\u00dfdorn\u00a0<\/strong>tr\u00e4gt zum normalen Funktionieren des Herzens bei, indem der im Blut vorhandene Sauerstoff durch den Muskel besser verwertet wird.<\/p>\n<p>&#13;<\/p>\n<p><strong>L-Carnitin<\/strong>\u00a0ist eine im menschlichen K\u00f6rper vorkommende Substanz, die eine wichtige Rolle im Energiestoffwechsel spielt und f\u00fcr den Transport von Fetts\u00e4uren erforderlich ist. Es kommt in gro\u00dfen Mengen in Fleisch vor und wird haupts\u00e4chlich auf diesem Weg aufgenommen, der menschliche K\u00f6rper kann es aber auch selbst bilden. Vorallem Veganer k\u00f6nnen daher \u00fcber die Nahrung nur wenig L-Carnitin aufnehmen.<\/p>\n<p>&#13;<\/p>\n<p><strong>Q10<\/strong>\u00a0ist eine k\u00f6rpereigene vitamin\u00e4hnliche Substanz, die in der menschlichen Zelle die Energie aus der Nahrung in k\u00f6rpereigene Energie umwandelt. Es kommt haupts\u00e4chlich in Innereien, fettem Fisch und auch diversen N\u00fcssen und Samen vor.<\/p>\n<p>&#13;<\/p>\n<p>Alle drei Wirkstoffe bilden die perfekte Kombination, um unser Herz am besten unterst\u00fctzen zu k\u00f6nnen.<\/p>\n","protected":false},"excerpt":{"rendered":"<p>Herz &amp; KreislaufWohl ist ein Nahrungserg\u00e4nzungsmittel, das auf nat\u00fcrlicher Basis mit Wei\u00dfdorn, L-Carnitin und Coenzym Q10 Ihren Kreislauf st\u00e4rkt und Sie im Alltag belastbarer macht. &#13; \u00a0 &#13; Wirkung &#13; Wei\u00dfdorn\u00a0tr\u00e4gt zum normalen Funktionieren des Herzens bei, indem der im Blut vorhandene Sauerstoff durch den Muskel besser verwertet wird. &#13; L-Carnitin\u00a0ist eine im menschlichen K\u00f6rper [&hellip;]<\/p>\n","protected":false},"featured_media":62200,"template":"","meta":{"_acf_changed":false},"product_brand":[],"product_cat":[801],"product_tag":[],"class_list":{"0":"post-62198","1":"product","2":"type-product","3":"status-publish","4":"has-post-thumbnail","6":"product_cat-a","7":"pa_packungsgroesse-60-stueck","9":"first","10":"instock","11":"shipping-taxable","12":"purchasable","13":"product-type-simple"},"acf":[],"_links":{"self":[{"href":"https:\/\/www.ernstbrunn-apotheke.at\/katalog\/wp-json\/wp\/v2\/product\/62198","targetHints":{"allow":["GET"]}}],"collection":[{"href":"https:\/\/www.ernstbrunn-apotheke.at\/katalog\/wp-json\/wp\/v2\/product"}],"about":[{"href":"https:\/\/www.ernstbrunn-apotheke.at\/katalog\/wp-json\/wp\/v2\/types\/product"}],"wp:featuredmedia":[{"embeddable":true,"href":"https:\/\/www.ernstbrunn-apotheke.at\/katalog\/wp-json\/wp\/v2\/media\/62200"}],"wp:attachment":[{"href":"https:\/\/www.ernstbrunn-apotheke.at\/katalog\/wp-json\/wp\/v2\/media?parent=62198"}],"wp:term":[{"taxonomy":"product_brand","embeddable":true,"href":"https:\/\/www.ernstbrunn-apotheke.at\/katalog\/wp-json\/wp\/v2\/product_brand?post=62198"},{"taxonomy":"product_cat","embeddable":true,"href":"https:\/\/www.ernstbrunn-apotheke.at\/katalog\/wp-json\/wp\/v2\/product_cat?post=62198"},{"taxonomy":"product_tag","embeddable":true,"href":"https:\/\/www.ernstbrunn-apotheke.at\/katalog\/wp-json\/wp\/v2\/product_tag?post=62198"}],"curies":[{"name":"wp","href":"https:\/\/api.w.org\/{rel}","templated":true}]}}