{"id":62195,"date":"2025-11-11T10:44:58","date_gmt":"2025-11-11T09:44:58","guid":{"rendered":"https:\/\/www.ernstbrunn-apotheke.at\/katalog\/produkt\/colomed-10-aad-portionsbeutel-14-btl\/"},"modified":"2025-12-08T17:29:45","modified_gmt":"2025-12-08T16:29:45","slug":"colomed-10-aad-portionsbeutel-14-btl","status":"publish","type":"product","link":"https:\/\/www.ernstbrunn-apotheke.at\/katalog\/produkt\/colomed-10-aad-portionsbeutel-14-btl\/","title":{"rendered":"Colomed 10 AAD Portionsbeutel 14 Btl."},"content":{"rendered":"<p>Colomed 10 AAD Portionsbeutel dienen zur di\u00e4tischen Behandlung von Durchfallerkrankungen im Rahmen einer Antibiotikatherapie. Dieses Produkt enth\u00e4lt 10 ausgew\u00e4hlte probiotische Bakterienst\u00e4mme zur gezielten Regeneration der gest\u00f6rten Darmflorra. Die spezielle Doppelbeschichtung garantiert hohe Magens\u00e4urestabilit\u00e4t und Haltbarbkeit der sensiblen probiotischen Bakterien.<\/p>\n","protected":false},"excerpt":{"rendered":"<p>Colomed 10 AAD Portionsbeutel dienen zur di\u00e4tischen Behandlung von Durchfallerkrankungen im Rahmen einer Antibiotikatherapie. Dieses Produkt enth\u00e4lt 10 ausgew\u00e4hlte probiotische Bakterienst\u00e4mme zur gezielten Regeneration der gest\u00f6rten Darmflorra. Die spezielle Doppelbeschichtung garantiert hohe Magens\u00e4urestabilit\u00e4t und Haltbarbkeit der sensiblen probiotischen Bakterien.<\/p>\n","protected":false},"featured_media":62197,"template":"","meta":{"_acf_changed":false},"product_brand":[],"product_cat":[812],"product_tag":[],"class_list":{"0":"post-62195","1":"product","2":"type-product","3":"status-publish","4":"has-post-thumbnail","6":"product_cat-c","7":"pa_packungsgroesse-14-beutel","9":"first","10":"instock","11":"shipping-taxable","12":"purchasable","13":"product-type-simple"},"acf":[],"_links":{"self":[{"href":"https:\/\/www.ernstbrunn-apotheke.at\/katalog\/wp-json\/wp\/v2\/product\/62195","targetHints":{"allow":["GET"]}}],"collection":[{"href":"https:\/\/www.ernstbrunn-apotheke.at\/katalog\/wp-json\/wp\/v2\/product"}],"about":[{"href":"https:\/\/www.ernstbrunn-apotheke.at\/katalog\/wp-json\/wp\/v2\/types\/product"}],"wp:featuredmedia":[{"embeddable":true,"href":"https:\/\/www.ernstbrunn-apotheke.at\/katalog\/wp-json\/wp\/v2\/media\/62197"}],"wp:attachment":[{"href":"https:\/\/www.ernstbrunn-apotheke.at\/katalog\/wp-json\/wp\/v2\/media?parent=62195"}],"wp:term":[{"taxonomy":"product_brand","embeddable":true,"href":"https:\/\/www.ernstbrunn-apotheke.at\/katalog\/wp-json\/wp\/v2\/product_brand?post=62195"},{"taxonomy":"product_cat","embeddable":true,"href":"https:\/\/www.ernstbrunn-apotheke.at\/katalog\/wp-json\/wp\/v2\/product_cat?post=62195"},{"taxonomy":"product_tag","embeddable":true,"href":"https:\/\/www.ernstbrunn-apotheke.at\/katalog\/wp-json\/wp\/v2\/product_tag?post=62195"}],"curies":[{"name":"wp","href":"https:\/\/api.w.org\/{rel}","templated":true}]}}