{"id":62133,"date":"2025-11-11T10:43:38","date_gmt":"2025-11-11T09:43:38","guid":{"rendered":"https:\/\/www.ernstbrunn-apotheke.at\/katalog\/produkt\/teebaum-oel-pastillen-ohne-zucker-40-stk\/"},"modified":"2025-12-08T17:29:26","modified_gmt":"2025-12-08T16:29:26","slug":"teebaum-oel-pastillen-ohne-zucker-40-stk","status":"publish","type":"product","link":"https:\/\/www.ernstbrunn-apotheke.at\/katalog\/produkt\/teebaum-oel-pastillen-ohne-zucker-40-stk\/","title":{"rendered":"Teebaum \u00d6l Pastillen ohne Zucker 40 Stk."},"content":{"rendered":"<p>Teebaum \u00d6l Pastillen ohne Zucker: Pastillen mit Teebaum\u00f6lextrakt (0,145 %) und Menthol. Teebaum\u00f6l hat vielf\u00e4ltige Wirkungen.<\/p>\n","protected":false},"excerpt":{"rendered":"<p>Teebaum \u00d6l Pastillen ohne Zucker: Pastillen mit Teebaum\u00f6lextrakt (0,145 %) und Menthol. Teebaum\u00f6l hat vielf\u00e4ltige Wirkungen.<\/p>\n","protected":false},"featured_media":62135,"template":"","meta":{"_acf_changed":false},"product_brand":[],"product_cat":[798],"product_tag":[],"class_list":{"0":"post-62133","1":"product","2":"type-product","3":"status-publish","4":"has-post-thumbnail","6":"product_cat-t","7":"pa_packungsgroesse-40-stueck","9":"first","10":"instock","11":"shipping-taxable","12":"purchasable","13":"product-type-simple"},"acf":[],"_links":{"self":[{"href":"https:\/\/www.ernstbrunn-apotheke.at\/katalog\/wp-json\/wp\/v2\/product\/62133","targetHints":{"allow":["GET"]}}],"collection":[{"href":"https:\/\/www.ernstbrunn-apotheke.at\/katalog\/wp-json\/wp\/v2\/product"}],"about":[{"href":"https:\/\/www.ernstbrunn-apotheke.at\/katalog\/wp-json\/wp\/v2\/types\/product"}],"wp:featuredmedia":[{"embeddable":true,"href":"https:\/\/www.ernstbrunn-apotheke.at\/katalog\/wp-json\/wp\/v2\/media\/62135"}],"wp:attachment":[{"href":"https:\/\/www.ernstbrunn-apotheke.at\/katalog\/wp-json\/wp\/v2\/media?parent=62133"}],"wp:term":[{"taxonomy":"product_brand","embeddable":true,"href":"https:\/\/www.ernstbrunn-apotheke.at\/katalog\/wp-json\/wp\/v2\/product_brand?post=62133"},{"taxonomy":"product_cat","embeddable":true,"href":"https:\/\/www.ernstbrunn-apotheke.at\/katalog\/wp-json\/wp\/v2\/product_cat?post=62133"},{"taxonomy":"product_tag","embeddable":true,"href":"https:\/\/www.ernstbrunn-apotheke.at\/katalog\/wp-json\/wp\/v2\/product_tag?post=62133"}],"curies":[{"name":"wp","href":"https:\/\/api.w.org\/{rel}","templated":true}]}}