{"id":62078,"date":"2025-11-11T10:42:27","date_gmt":"2025-11-11T09:42:27","guid":{"rendered":"https:\/\/www.ernstbrunn-apotheke.at\/katalog\/produkt\/hanoju-bio-leinoel-kapseln-270-mg-120-stk\/"},"modified":"2025-12-08T17:29:16","modified_gmt":"2025-12-08T16:29:16","slug":"hanoju-bio-leinoel-kapseln-270-mg-120-stk","status":"publish","type":"product","link":"https:\/\/www.ernstbrunn-apotheke.at\/katalog\/produkt\/hanoju-bio-leinoel-kapseln-270-mg-120-stk\/","title":{"rendered":"Hanoju Bio Lein\u00f6l Kapseln 270 mg 120 Stk."},"content":{"rendered":"<p>Hanoju Bio Lein\u00f6l 270 mg ist ein Nahrungserg\u00e4nzungsmittel, welches den t\u00e4glichen Bedarf an essentiellen Fetts\u00e4uren sichert. Gemeinsam mit einer Reihe von essentiellen Fetts\u00e4uren bilden besondere Vitaminen und Spurenelemente eine hochaktive Hauptwirkstoffkombination. Das Produkt enth\u00e4lt ausschlie\u00dflich biologische Inhaltsstoffe.<\/p>\n","protected":false},"excerpt":{"rendered":"<p>Hanoju Bio Lein\u00f6l 270 mg ist ein Nahrungserg\u00e4nzungsmittel, welches den t\u00e4glichen Bedarf an essentiellen Fetts\u00e4uren sichert. Gemeinsam mit einer Reihe von essentiellen Fetts\u00e4uren bilden besondere Vitaminen und Spurenelemente eine hochaktive Hauptwirkstoffkombination. Das Produkt enth\u00e4lt ausschlie\u00dflich biologische Inhaltsstoffe.<\/p>\n","protected":false},"featured_media":62080,"template":"","meta":{"_acf_changed":false},"product_brand":[],"product_cat":[805],"product_tag":[],"class_list":{"0":"post-62078","1":"product","2":"type-product","3":"status-publish","4":"has-post-thumbnail","6":"product_cat-h","7":"pa_packungsgroesse-120-stueck","9":"first","10":"instock","11":"shipping-taxable","12":"purchasable","13":"product-type-simple"},"acf":[],"_links":{"self":[{"href":"https:\/\/www.ernstbrunn-apotheke.at\/katalog\/wp-json\/wp\/v2\/product\/62078","targetHints":{"allow":["GET"]}}],"collection":[{"href":"https:\/\/www.ernstbrunn-apotheke.at\/katalog\/wp-json\/wp\/v2\/product"}],"about":[{"href":"https:\/\/www.ernstbrunn-apotheke.at\/katalog\/wp-json\/wp\/v2\/types\/product"}],"wp:featuredmedia":[{"embeddable":true,"href":"https:\/\/www.ernstbrunn-apotheke.at\/katalog\/wp-json\/wp\/v2\/media\/62080"}],"wp:attachment":[{"href":"https:\/\/www.ernstbrunn-apotheke.at\/katalog\/wp-json\/wp\/v2\/media?parent=62078"}],"wp:term":[{"taxonomy":"product_brand","embeddable":true,"href":"https:\/\/www.ernstbrunn-apotheke.at\/katalog\/wp-json\/wp\/v2\/product_brand?post=62078"},{"taxonomy":"product_cat","embeddable":true,"href":"https:\/\/www.ernstbrunn-apotheke.at\/katalog\/wp-json\/wp\/v2\/product_cat?post=62078"},{"taxonomy":"product_tag","embeddable":true,"href":"https:\/\/www.ernstbrunn-apotheke.at\/katalog\/wp-json\/wp\/v2\/product_tag?post=62078"}],"curies":[{"name":"wp","href":"https:\/\/api.w.org\/{rel}","templated":true}]}}