{"id":61951,"date":"2025-11-11T10:39:41","date_gmt":"2025-11-11T09:39:41","guid":{"rendered":"https:\/\/www.ernstbrunn-apotheke.at\/katalog\/produkt\/gotac-hydrogel-pflege-wabw-tp-6-stk\/"},"modified":"2025-12-08T17:28:38","modified_gmt":"2025-12-08T16:28:38","slug":"gotac-hydrogel-pflege-wabw-tp-6-stk","status":"publish","type":"product","link":"https:\/\/www.ernstbrunn-apotheke.at\/katalog\/produkt\/gotac-hydrogel-pflege-wabw-tp-6-stk\/","title":{"rendered":"Gotac Hydrogel Pflege Wabw. TP 6 Stk."},"content":{"rendered":"<p>Gotac Hydrogel Pflaster wasserabweisend sorgen f\u00fcr modernste medizinische Versorgung zur Druck- und Schmerzlinderung bei Blasen, Schnitt- und Sch\u00fcrfwunden. Die transparenten, hauchd\u00fcnnen und superweichen Pflasterstreifen helfen bei einer schnellen Wundsekretaufnahme und somit auch bei einer raschen Heilung. Das k\u00fchlende Pflaster zeichnet sich durch beste Klebequalit\u00e4t aus und sitzt wie eine zweite Haut.<\/p>\n","protected":false},"excerpt":{"rendered":"<p>Gotac Hydrogel Pflaster wasserabweisend sorgen f\u00fcr modernste medizinische Versorgung zur Druck- und Schmerzlinderung bei Blasen, Schnitt- und Sch\u00fcrfwunden. Die transparenten, hauchd\u00fcnnen und superweichen Pflasterstreifen helfen bei einer schnellen Wundsekretaufnahme und somit auch bei einer raschen Heilung. Das k\u00fchlende Pflaster zeichnet sich durch beste Klebequalit\u00e4t aus und sitzt wie eine zweite Haut.<\/p>\n","protected":false},"featured_media":0,"template":"","meta":{"_acf_changed":false},"product_brand":[],"product_cat":[810],"product_tag":[],"class_list":{"0":"post-61951","1":"product","2":"type-product","3":"status-publish","5":"product_cat-g","6":"pa_packungsgroesse-6-stueck","8":"first","9":"instock","10":"shipping-taxable","11":"purchasable","12":"product-type-simple"},"acf":[],"_links":{"self":[{"href":"https:\/\/www.ernstbrunn-apotheke.at\/katalog\/wp-json\/wp\/v2\/product\/61951","targetHints":{"allow":["GET"]}}],"collection":[{"href":"https:\/\/www.ernstbrunn-apotheke.at\/katalog\/wp-json\/wp\/v2\/product"}],"about":[{"href":"https:\/\/www.ernstbrunn-apotheke.at\/katalog\/wp-json\/wp\/v2\/types\/product"}],"wp:attachment":[{"href":"https:\/\/www.ernstbrunn-apotheke.at\/katalog\/wp-json\/wp\/v2\/media?parent=61951"}],"wp:term":[{"taxonomy":"product_brand","embeddable":true,"href":"https:\/\/www.ernstbrunn-apotheke.at\/katalog\/wp-json\/wp\/v2\/product_brand?post=61951"},{"taxonomy":"product_cat","embeddable":true,"href":"https:\/\/www.ernstbrunn-apotheke.at\/katalog\/wp-json\/wp\/v2\/product_cat?post=61951"},{"taxonomy":"product_tag","embeddable":true,"href":"https:\/\/www.ernstbrunn-apotheke.at\/katalog\/wp-json\/wp\/v2\/product_tag?post=61951"}],"curies":[{"name":"wp","href":"https:\/\/api.w.org\/{rel}","templated":true}]}}