{"id":61911,"date":"2025-11-11T10:38:52","date_gmt":"2025-11-11T09:38:52","guid":{"rendered":"https:\/\/www.ernstbrunn-apotheke.at\/katalog\/produkt\/melasan-bcaa-311-sport-75-stk-kapseln\/"},"modified":"2025-12-08T17:28:24","modified_gmt":"2025-12-08T16:28:24","slug":"melasan-bcaa-311-sport-75-stk-kapseln","status":"publish","type":"product","link":"https:\/\/www.ernstbrunn-apotheke.at\/katalog\/produkt\/melasan-bcaa-311-sport-75-stk-kapseln\/","title":{"rendered":"Melasan BCAA 3:1:1 Sport 75 Stk. Kapseln"},"content":{"rendered":"<p>Melasan BCAA 3:1:1 Sport 75 Stk. Kapseln enthalten die 3 Aminos\u00e4uren Leucin, Isoleucin und Valin im Verh\u00e4ltnis 3:1:1. BCAA ( Branched Chain Amino Acids ) sind die wichtigsten Faktoren beim Aufbau und der Regeneration der Muskulatur nach intensiver Belastung. Sie sind die notwendige Erg\u00e4nzung um in der Erholungsphase die besten Voraussetzungen f\u00fcr eine muskul\u00e4re Superkompensation zu erzielen<\/p>\n","protected":false},"excerpt":{"rendered":"<p>Melasan BCAA 3:1:1 Sport 75 Stk. Kapseln enthalten die 3 Aminos\u00e4uren Leucin, Isoleucin und Valin im Verh\u00e4ltnis 3:1:1. BCAA ( Branched Chain Amino Acids ) sind die wichtigsten Faktoren beim Aufbau und der Regeneration der Muskulatur nach intensiver Belastung. Sie sind die notwendige Erg\u00e4nzung um in der Erholungsphase die besten Voraussetzungen f\u00fcr eine muskul\u00e4re Superkompensation [&hellip;]<\/p>\n","protected":false},"featured_media":0,"template":"","meta":{"_acf_changed":false},"product_brand":[373],"product_cat":[800],"product_tag":[],"class_list":{"0":"post-61911","1":"product","2":"type-product","3":"status-publish","5":"product_brand-melasan","6":"product_cat-m","7":"pa_packungsgroesse-75-stueck","9":"first","10":"instock","11":"shipping-taxable","12":"purchasable","13":"product-type-simple"},"acf":[],"_links":{"self":[{"href":"https:\/\/www.ernstbrunn-apotheke.at\/katalog\/wp-json\/wp\/v2\/product\/61911","targetHints":{"allow":["GET"]}}],"collection":[{"href":"https:\/\/www.ernstbrunn-apotheke.at\/katalog\/wp-json\/wp\/v2\/product"}],"about":[{"href":"https:\/\/www.ernstbrunn-apotheke.at\/katalog\/wp-json\/wp\/v2\/types\/product"}],"wp:attachment":[{"href":"https:\/\/www.ernstbrunn-apotheke.at\/katalog\/wp-json\/wp\/v2\/media?parent=61911"}],"wp:term":[{"taxonomy":"product_brand","embeddable":true,"href":"https:\/\/www.ernstbrunn-apotheke.at\/katalog\/wp-json\/wp\/v2\/product_brand?post=61911"},{"taxonomy":"product_cat","embeddable":true,"href":"https:\/\/www.ernstbrunn-apotheke.at\/katalog\/wp-json\/wp\/v2\/product_cat?post=61911"},{"taxonomy":"product_tag","embeddable":true,"href":"https:\/\/www.ernstbrunn-apotheke.at\/katalog\/wp-json\/wp\/v2\/product_tag?post=61911"}],"curies":[{"name":"wp","href":"https:\/\/api.w.org\/{rel}","templated":true}]}}