{"id":61905,"date":"2025-11-11T10:38:45","date_gmt":"2025-11-11T09:38:45","guid":{"rendered":"https:\/\/www.ernstbrunn-apotheke.at\/katalog\/produkt\/innova-mulsin-vitamin-d3-10-ml\/"},"modified":"2025-12-08T17:28:21","modified_gmt":"2025-12-08T16:28:21","slug":"innova-mulsin-vitamin-d3-10-ml","status":"publish","type":"product","link":"https:\/\/www.ernstbrunn-apotheke.at\/katalog\/produkt\/innova-mulsin-vitamin-d3-10-ml\/","title":{"rendered":"innova Mulsin Vitamin D3 10 ml"},"content":{"rendered":"<p>Die Schl\u00fcsselfunktion von Vitamin D f\u00fcr die Gesundheit wurde lange Zeit untersch\u00e4tzt. Das Vitamin kann mehr als nur den Kalziumstoffwechsel regulieren. Es ist an vielen Abl\u00e4ufen im K\u00f6rper beteiligt. Knochen brauchen Calcium. Vitamin D3 reguliert die Aufnahme von Kalzium und Phosphor und tr\u00e4gt so zur Erhaltung der Knochengesundheit und Muskelfunktion bei. Je h\u00f6her der Vitamin D Spiegel im Blut, desto besser\/h\u00f6her ist die Knochendichte. Somit unterst\u00fctzt Vitamin D3 auch Wachstum und Entwicklung der Knochen bei Kindern.<\/p>\n","protected":false},"excerpt":{"rendered":"<p>Die Schl\u00fcsselfunktion von Vitamin D f\u00fcr die Gesundheit wurde lange Zeit untersch\u00e4tzt. Das Vitamin kann mehr als nur den Kalziumstoffwechsel regulieren. Es ist an vielen Abl\u00e4ufen im K\u00f6rper beteiligt. Knochen brauchen Calcium. Vitamin D3 reguliert die Aufnahme von Kalzium und Phosphor und tr\u00e4gt so zur Erhaltung der Knochengesundheit und Muskelfunktion bei. Je h\u00f6her der Vitamin [&hellip;]<\/p>\n","protected":false},"featured_media":61907,"template":"","meta":{"_acf_changed":false},"product_brand":[],"product_cat":[823],"product_tag":[],"class_list":{"0":"post-61905","1":"product","2":"type-product","3":"status-publish","4":"has-post-thumbnail","6":"product_cat-i","7":"pa_packungsgroesse-10ml","9":"first","10":"instock","11":"shipping-taxable","12":"purchasable","13":"product-type-simple"},"acf":[],"_links":{"self":[{"href":"https:\/\/www.ernstbrunn-apotheke.at\/katalog\/wp-json\/wp\/v2\/product\/61905","targetHints":{"allow":["GET"]}}],"collection":[{"href":"https:\/\/www.ernstbrunn-apotheke.at\/katalog\/wp-json\/wp\/v2\/product"}],"about":[{"href":"https:\/\/www.ernstbrunn-apotheke.at\/katalog\/wp-json\/wp\/v2\/types\/product"}],"wp:featuredmedia":[{"embeddable":true,"href":"https:\/\/www.ernstbrunn-apotheke.at\/katalog\/wp-json\/wp\/v2\/media\/61907"}],"wp:attachment":[{"href":"https:\/\/www.ernstbrunn-apotheke.at\/katalog\/wp-json\/wp\/v2\/media?parent=61905"}],"wp:term":[{"taxonomy":"product_brand","embeddable":true,"href":"https:\/\/www.ernstbrunn-apotheke.at\/katalog\/wp-json\/wp\/v2\/product_brand?post=61905"},{"taxonomy":"product_cat","embeddable":true,"href":"https:\/\/www.ernstbrunn-apotheke.at\/katalog\/wp-json\/wp\/v2\/product_cat?post=61905"},{"taxonomy":"product_tag","embeddable":true,"href":"https:\/\/www.ernstbrunn-apotheke.at\/katalog\/wp-json\/wp\/v2\/product_tag?post=61905"}],"curies":[{"name":"wp","href":"https:\/\/api.w.org\/{rel}","templated":true}]}}