{"id":61875,"date":"2025-11-11T10:38:04","date_gmt":"2025-11-11T09:38:04","guid":{"rendered":"https:\/\/www.ernstbrunn-apotheke.at\/katalog\/produkt\/wc-papiersitze-fuer-die-reise-10-stk\/"},"modified":"2025-12-08T17:28:10","modified_gmt":"2025-12-08T16:28:10","slug":"wc-papiersitze-fuer-die-reise-10-stk","status":"publish","type":"product","link":"https:\/\/www.ernstbrunn-apotheke.at\/katalog\/produkt\/wc-papiersitze-fuer-die-reise-10-stk\/","title":{"rendered":"WC-Papiersitze f\u00fcr die Reise 10 Stk."},"content":{"rendered":"<p>WC-Papiersitze f\u00fcr die Reise 10 Stk. sind Toiletten-Brillen-Abdeckungen aus Papier, welche Sie auf Reisen vor Bakterien jeglicher Art sch\u00fctzen.<\/p>\n","protected":false},"excerpt":{"rendered":"<p>WC-Papiersitze f\u00fcr die Reise 10 Stk. sind Toiletten-Brillen-Abdeckungen aus Papier, welche Sie auf Reisen vor Bakterien jeglicher Art sch\u00fctzen.<\/p>\n","protected":false},"featured_media":61877,"template":"","meta":{"_acf_changed":false},"product_brand":[],"product_cat":[796],"product_tag":[],"class_list":{"0":"post-61875","1":"product","2":"type-product","3":"status-publish","4":"has-post-thumbnail","6":"product_cat-w","7":"pa_packungsgroesse-10-stueck","9":"first","10":"instock","11":"shipping-taxable","12":"purchasable","13":"product-type-simple"},"acf":[],"_links":{"self":[{"href":"https:\/\/www.ernstbrunn-apotheke.at\/katalog\/wp-json\/wp\/v2\/product\/61875","targetHints":{"allow":["GET"]}}],"collection":[{"href":"https:\/\/www.ernstbrunn-apotheke.at\/katalog\/wp-json\/wp\/v2\/product"}],"about":[{"href":"https:\/\/www.ernstbrunn-apotheke.at\/katalog\/wp-json\/wp\/v2\/types\/product"}],"wp:featuredmedia":[{"embeddable":true,"href":"https:\/\/www.ernstbrunn-apotheke.at\/katalog\/wp-json\/wp\/v2\/media\/61877"}],"wp:attachment":[{"href":"https:\/\/www.ernstbrunn-apotheke.at\/katalog\/wp-json\/wp\/v2\/media?parent=61875"}],"wp:term":[{"taxonomy":"product_brand","embeddable":true,"href":"https:\/\/www.ernstbrunn-apotheke.at\/katalog\/wp-json\/wp\/v2\/product_brand?post=61875"},{"taxonomy":"product_cat","embeddable":true,"href":"https:\/\/www.ernstbrunn-apotheke.at\/katalog\/wp-json\/wp\/v2\/product_cat?post=61875"},{"taxonomy":"product_tag","embeddable":true,"href":"https:\/\/www.ernstbrunn-apotheke.at\/katalog\/wp-json\/wp\/v2\/product_tag?post=61875"}],"curies":[{"name":"wp","href":"https:\/\/api.w.org\/{rel}","templated":true}]}}