{"id":61852,"date":"2025-11-11T10:37:32","date_gmt":"2025-11-11T09:37:32","guid":{"rendered":"https:\/\/www.ernstbrunn-apotheke.at\/katalog\/produkt\/melasan-mandeloel-suessmandel-100-ml\/"},"modified":"2025-12-08T17:28:01","modified_gmt":"2025-12-08T16:28:01","slug":"melasan-mandeloel-suessmandel-100-ml","status":"publish","type":"product","link":"https:\/\/www.ernstbrunn-apotheke.at\/katalog\/produkt\/melasan-mandeloel-suessmandel-100-ml\/","title":{"rendered":"Melasan Mandel\u00f6l S\u00fc\u00dfmandel 100 ml"},"content":{"rendered":"<p>Melasan Mandel\u00f6l s\u00fc\u00df ist reich an wertvollen Inhaltsstoffen wie Fetts\u00e4uren, Mineralien, Vitaminen uvm. und sorgt so f\u00fcr einen Energieboost.<\/p>\n","protected":false},"excerpt":{"rendered":"<p>Melasan Mandel\u00f6l s\u00fc\u00df ist reich an wertvollen Inhaltsstoffen wie Fetts\u00e4uren, Mineralien, Vitaminen uvm. und sorgt so f\u00fcr einen Energieboost.<\/p>\n","protected":false},"featured_media":61854,"template":"","meta":{"_acf_changed":false},"product_brand":[373],"product_cat":[800],"product_tag":[],"class_list":{"0":"post-61852","1":"product","2":"type-product","3":"status-publish","4":"has-post-thumbnail","6":"product_brand-melasan","7":"product_cat-m","8":"pa_packungsgroesse-100ml","10":"first","11":"instock","12":"shipping-taxable","13":"purchasable","14":"product-type-simple"},"acf":[],"_links":{"self":[{"href":"https:\/\/www.ernstbrunn-apotheke.at\/katalog\/wp-json\/wp\/v2\/product\/61852","targetHints":{"allow":["GET"]}}],"collection":[{"href":"https:\/\/www.ernstbrunn-apotheke.at\/katalog\/wp-json\/wp\/v2\/product"}],"about":[{"href":"https:\/\/www.ernstbrunn-apotheke.at\/katalog\/wp-json\/wp\/v2\/types\/product"}],"wp:featuredmedia":[{"embeddable":true,"href":"https:\/\/www.ernstbrunn-apotheke.at\/katalog\/wp-json\/wp\/v2\/media\/61854"}],"wp:attachment":[{"href":"https:\/\/www.ernstbrunn-apotheke.at\/katalog\/wp-json\/wp\/v2\/media?parent=61852"}],"wp:term":[{"taxonomy":"product_brand","embeddable":true,"href":"https:\/\/www.ernstbrunn-apotheke.at\/katalog\/wp-json\/wp\/v2\/product_brand?post=61852"},{"taxonomy":"product_cat","embeddable":true,"href":"https:\/\/www.ernstbrunn-apotheke.at\/katalog\/wp-json\/wp\/v2\/product_cat?post=61852"},{"taxonomy":"product_tag","embeddable":true,"href":"https:\/\/www.ernstbrunn-apotheke.at\/katalog\/wp-json\/wp\/v2\/product_tag?post=61852"}],"curies":[{"name":"wp","href":"https:\/\/api.w.org\/{rel}","templated":true}]}}