{"id":61800,"date":"2025-11-11T10:36:23","date_gmt":"2025-11-11T09:36:23","guid":{"rendered":"https:\/\/www.ernstbrunn-apotheke.at\/katalog\/produkt\/homedi-kind-zahnungsoel-10-ml\/"},"modified":"2025-12-08T17:27:53","modified_gmt":"2025-12-08T16:27:53","slug":"homedi-kind-zahnungsoel-10-ml","status":"publish","type":"product","link":"https:\/\/www.ernstbrunn-apotheke.at\/katalog\/produkt\/homedi-kind-zahnungsoel-10-ml\/","title":{"rendered":"Homedi-Kind Zahnungs\u00f6l 10 ml"},"content":{"rendered":"<p>Homedi-Kind\u00ae Zahnungs\u00f6l entfaltet die beste Wirkung, wenn es von au\u00dfen in die Wangen einmassiert wird. Es wirkt entspannend und erw\u00e4rmend. Bei starken Beschwerden zus\u00e4tzlich die Fu\u00dfsohle einmassieren.<\/p>\n","protected":false},"excerpt":{"rendered":"<p>Homedi-Kind\u00ae Zahnungs\u00f6l entfaltet die beste Wirkung, wenn es von au\u00dfen in die Wangen einmassiert wird. Es wirkt entspannend und erw\u00e4rmend. Bei starken Beschwerden zus\u00e4tzlich die Fu\u00dfsohle einmassieren.<\/p>\n","protected":false},"featured_media":61802,"template":"","meta":{"_acf_changed":false},"product_brand":[],"product_cat":[805],"product_tag":[],"class_list":{"0":"post-61800","1":"product","2":"type-product","3":"status-publish","4":"has-post-thumbnail","6":"product_cat-h","7":"pa_packungsgroesse-10ml","9":"first","10":"instock","11":"shipping-taxable","12":"purchasable","13":"product-type-simple"},"acf":[],"_links":{"self":[{"href":"https:\/\/www.ernstbrunn-apotheke.at\/katalog\/wp-json\/wp\/v2\/product\/61800","targetHints":{"allow":["GET"]}}],"collection":[{"href":"https:\/\/www.ernstbrunn-apotheke.at\/katalog\/wp-json\/wp\/v2\/product"}],"about":[{"href":"https:\/\/www.ernstbrunn-apotheke.at\/katalog\/wp-json\/wp\/v2\/types\/product"}],"wp:featuredmedia":[{"embeddable":true,"href":"https:\/\/www.ernstbrunn-apotheke.at\/katalog\/wp-json\/wp\/v2\/media\/61802"}],"wp:attachment":[{"href":"https:\/\/www.ernstbrunn-apotheke.at\/katalog\/wp-json\/wp\/v2\/media?parent=61800"}],"wp:term":[{"taxonomy":"product_brand","embeddable":true,"href":"https:\/\/www.ernstbrunn-apotheke.at\/katalog\/wp-json\/wp\/v2\/product_brand?post=61800"},{"taxonomy":"product_cat","embeddable":true,"href":"https:\/\/www.ernstbrunn-apotheke.at\/katalog\/wp-json\/wp\/v2\/product_cat?post=61800"},{"taxonomy":"product_tag","embeddable":true,"href":"https:\/\/www.ernstbrunn-apotheke.at\/katalog\/wp-json\/wp\/v2\/product_tag?post=61800"}],"curies":[{"name":"wp","href":"https:\/\/api.w.org\/{rel}","templated":true}]}}