{"id":61784,"date":"2025-11-11T10:36:04","date_gmt":"2025-11-11T09:36:04","guid":{"rendered":"https:\/\/www.ernstbrunn-apotheke.at\/katalog\/produkt\/cbd-vital-hanf-schlaftropfen-30-ml\/"},"modified":"2025-12-08T17:27:49","modified_gmt":"2025-12-08T16:27:49","slug":"cbd-vital-hanf-schlaftropfen-30-ml","status":"publish","type":"product","link":"https:\/\/www.ernstbrunn-apotheke.at\/katalog\/produkt\/cbd-vital-hanf-schlaftropfen-30-ml\/","title":{"rendered":"CBD Vital Hanf Schlaftropfen 30 ml"},"content":{"rendered":"<p>Mit den CBD Vital Hanf Schlaftropfen 30 ml kann die Schlafqualit\u00e4t verbessert werden. Hanf, Melisse- und Orangenbl\u00fcte sowie Vitamin B6 und Melatonin sorgen f\u00fcr eine angenehme Nachtruhe.  Jetzt online auf servusapotheke.at bestellen!<\/p>\n","protected":false},"excerpt":{"rendered":"<p>Mit den CBD Vital Hanf Schlaftropfen 30 ml kann die Schlafqualit\u00e4t verbessert werden. Hanf, Melisse- und Orangenbl\u00fcte sowie Vitamin B6 und Melatonin sorgen f\u00fcr eine angenehme Nachtruhe. Jetzt online auf servusapotheke.at bestellen!<\/p>\n","protected":false},"featured_media":61786,"template":"","meta":{"_acf_changed":false},"product_brand":[],"product_cat":[812],"product_tag":[],"class_list":{"0":"post-61784","1":"product","2":"type-product","3":"status-publish","4":"has-post-thumbnail","6":"product_cat-c","7":"pa_packungsgroesse-30ml","9":"first","10":"instock","11":"shipping-taxable","12":"purchasable","13":"product-type-simple"},"acf":[],"_links":{"self":[{"href":"https:\/\/www.ernstbrunn-apotheke.at\/katalog\/wp-json\/wp\/v2\/product\/61784","targetHints":{"allow":["GET"]}}],"collection":[{"href":"https:\/\/www.ernstbrunn-apotheke.at\/katalog\/wp-json\/wp\/v2\/product"}],"about":[{"href":"https:\/\/www.ernstbrunn-apotheke.at\/katalog\/wp-json\/wp\/v2\/types\/product"}],"wp:featuredmedia":[{"embeddable":true,"href":"https:\/\/www.ernstbrunn-apotheke.at\/katalog\/wp-json\/wp\/v2\/media\/61786"}],"wp:attachment":[{"href":"https:\/\/www.ernstbrunn-apotheke.at\/katalog\/wp-json\/wp\/v2\/media?parent=61784"}],"wp:term":[{"taxonomy":"product_brand","embeddable":true,"href":"https:\/\/www.ernstbrunn-apotheke.at\/katalog\/wp-json\/wp\/v2\/product_brand?post=61784"},{"taxonomy":"product_cat","embeddable":true,"href":"https:\/\/www.ernstbrunn-apotheke.at\/katalog\/wp-json\/wp\/v2\/product_cat?post=61784"},{"taxonomy":"product_tag","embeddable":true,"href":"https:\/\/www.ernstbrunn-apotheke.at\/katalog\/wp-json\/wp\/v2\/product_tag?post=61784"}],"curies":[{"name":"wp","href":"https:\/\/api.w.org\/{rel}","templated":true}]}}