{"id":61759,"date":"2025-11-11T10:35:29","date_gmt":"2025-11-11T09:35:29","guid":{"rendered":"https:\/\/www.ernstbrunn-apotheke.at\/katalog\/produkt\/bioderma-photoderm-max-aquafluid-spf-50-40-ml\/"},"modified":"2025-12-08T17:27:41","modified_gmt":"2025-12-08T16:27:41","slug":"bioderma-photoderm-max-aquafluid-spf-50-40-ml","status":"publish","type":"product","link":"https:\/\/www.ernstbrunn-apotheke.at\/katalog\/produkt\/bioderma-photoderm-max-aquafluid-spf-50-40-ml\/","title":{"rendered":"Bioderma Photoderm MAX Aquafluid SPF 50+ 40 ml"},"content":{"rendered":"<p>Bioderma Photoderm MAX Aquafluid SPF 50+ 40 ml ist ein sehr hoher UVA- und UVB-Schutz mit Infrarot-Schutz f\u00fcr Mischhaut bis \u00f6lige Haut. Zum Schutz vor Sonnenallergie. Mit DRY TOUCH Technologie f\u00fcr ein mattiertes Finish. F\u00fcr Gesicht und Dekollet\u00e9. F\u00fcr Kleinkinder geeignet. Ultra-leichte Textur zieht sofort ein. Ohne Duftstoffe, ohne Parabene.<\/p>\n","protected":false},"excerpt":{"rendered":"<p>Bioderma Photoderm MAX Aquafluid SPF 50+ 40 ml ist ein sehr hoher UVA- und UVB-Schutz mit Infrarot-Schutz f\u00fcr Mischhaut bis \u00f6lige Haut. Zum Schutz vor Sonnenallergie. Mit DRY TOUCH Technologie f\u00fcr ein mattiertes Finish. F\u00fcr Gesicht und Dekollet\u00e9. F\u00fcr Kleinkinder geeignet. Ultra-leichte Textur zieht sofort ein. Ohne Duftstoffe, ohne Parabene.<\/p>\n","protected":false},"featured_media":61761,"template":"","meta":{"_acf_changed":false},"product_brand":[657],"product_cat":[802],"product_tag":[],"class_list":{"0":"post-61759","1":"product","2":"type-product","3":"status-publish","4":"has-post-thumbnail","6":"product_brand-bioderma","7":"product_cat-b","8":"pa_packungsgroesse-40ml","10":"first","11":"instock","12":"shipping-taxable","13":"purchasable","14":"product-type-simple"},"acf":[],"_links":{"self":[{"href":"https:\/\/www.ernstbrunn-apotheke.at\/katalog\/wp-json\/wp\/v2\/product\/61759","targetHints":{"allow":["GET"]}}],"collection":[{"href":"https:\/\/www.ernstbrunn-apotheke.at\/katalog\/wp-json\/wp\/v2\/product"}],"about":[{"href":"https:\/\/www.ernstbrunn-apotheke.at\/katalog\/wp-json\/wp\/v2\/types\/product"}],"wp:featuredmedia":[{"embeddable":true,"href":"https:\/\/www.ernstbrunn-apotheke.at\/katalog\/wp-json\/wp\/v2\/media\/61761"}],"wp:attachment":[{"href":"https:\/\/www.ernstbrunn-apotheke.at\/katalog\/wp-json\/wp\/v2\/media?parent=61759"}],"wp:term":[{"taxonomy":"product_brand","embeddable":true,"href":"https:\/\/www.ernstbrunn-apotheke.at\/katalog\/wp-json\/wp\/v2\/product_brand?post=61759"},{"taxonomy":"product_cat","embeddable":true,"href":"https:\/\/www.ernstbrunn-apotheke.at\/katalog\/wp-json\/wp\/v2\/product_cat?post=61759"},{"taxonomy":"product_tag","embeddable":true,"href":"https:\/\/www.ernstbrunn-apotheke.at\/katalog\/wp-json\/wp\/v2\/product_tag?post=61759"}],"curies":[{"name":"wp","href":"https:\/\/api.w.org\/{rel}","templated":true}]}}