{"id":61750,"date":"2025-11-11T10:35:18","date_gmt":"2025-11-11T09:35:18","guid":{"rendered":"https:\/\/www.ernstbrunn-apotheke.at\/katalog\/produkt\/bambus-fruechte-und-getreidekaffee-200-g-bio\/"},"modified":"2025-12-08T17:27:37","modified_gmt":"2025-12-08T16:27:37","slug":"bambus-fruechte-und-getreidekaffee-200-g-bio","status":"publish","type":"product","link":"https:\/\/www.ernstbrunn-apotheke.at\/katalog\/produkt\/bambus-fruechte-und-getreidekaffee-200-g-bio\/","title":{"rendered":"Bambus Fr\u00fcchte und Getreidekaffee 200 g BIO"},"content":{"rendered":"<p>Bambu ist ein aromatischer und volll\u00f6slicher Fr\u00fcchte- und Getreidekaffee-Extrakt aus kontrolliert biologischem Anbau. Er enth\u00e4lt keine Kaffeebohnen und somit kein Koffein, er kann deshalb auch am Abend genossen werden, ohne den Schlaf zu beeintr\u00e4chtigen. Bambu ist der ideale Kaffee-Ersatz f\u00fcr nervlich \u00fcberbeanspruchte Menschen oder Personen mit Magenproblemen oder Bluthochdruck. Frei von Laktose. Vegan..<\/p>\n","protected":false},"excerpt":{"rendered":"<p>Bambu ist ein aromatischer und volll\u00f6slicher Fr\u00fcchte- und Getreidekaffee-Extrakt aus kontrolliert biologischem Anbau. Er enth\u00e4lt keine Kaffeebohnen und somit kein Koffein, er kann deshalb auch am Abend genossen werden, ohne den Schlaf zu beeintr\u00e4chtigen. Bambu ist der ideale Kaffee-Ersatz f\u00fcr nervlich \u00fcberbeanspruchte Menschen oder Personen mit Magenproblemen oder Bluthochdruck. Frei von Laktose. Vegan..<\/p>\n","protected":false},"featured_media":61752,"template":"","meta":{"_acf_changed":false},"product_brand":[],"product_cat":[802],"product_tag":[],"class_list":{"0":"post-61750","1":"product","2":"type-product","3":"status-publish","4":"has-post-thumbnail","6":"product_cat-b","7":"pa_packungsgroesse-200g","9":"first","10":"instock","11":"shipping-taxable","12":"purchasable","13":"product-type-simple"},"acf":[],"_links":{"self":[{"href":"https:\/\/www.ernstbrunn-apotheke.at\/katalog\/wp-json\/wp\/v2\/product\/61750","targetHints":{"allow":["GET"]}}],"collection":[{"href":"https:\/\/www.ernstbrunn-apotheke.at\/katalog\/wp-json\/wp\/v2\/product"}],"about":[{"href":"https:\/\/www.ernstbrunn-apotheke.at\/katalog\/wp-json\/wp\/v2\/types\/product"}],"wp:featuredmedia":[{"embeddable":true,"href":"https:\/\/www.ernstbrunn-apotheke.at\/katalog\/wp-json\/wp\/v2\/media\/61752"}],"wp:attachment":[{"href":"https:\/\/www.ernstbrunn-apotheke.at\/katalog\/wp-json\/wp\/v2\/media?parent=61750"}],"wp:term":[{"taxonomy":"product_brand","embeddable":true,"href":"https:\/\/www.ernstbrunn-apotheke.at\/katalog\/wp-json\/wp\/v2\/product_brand?post=61750"},{"taxonomy":"product_cat","embeddable":true,"href":"https:\/\/www.ernstbrunn-apotheke.at\/katalog\/wp-json\/wp\/v2\/product_cat?post=61750"},{"taxonomy":"product_tag","embeddable":true,"href":"https:\/\/www.ernstbrunn-apotheke.at\/katalog\/wp-json\/wp\/v2\/product_tag?post=61750"}],"curies":[{"name":"wp","href":"https:\/\/api.w.org\/{rel}","templated":true}]}}