{"id":61646,"date":"2025-11-11T10:32:59","date_gmt":"2025-11-11T09:32:59","guid":{"rendered":"https:\/\/www.ernstbrunn-apotheke.at\/katalog\/produkt\/sukrin-kristallzucker-500-g\/"},"modified":"2025-12-08T17:27:06","modified_gmt":"2025-12-08T16:27:06","slug":"sukrin-kristallzucker-500-g","status":"publish","type":"product","link":"https:\/\/www.ernstbrunn-apotheke.at\/katalog\/produkt\/sukrin-kristallzucker-500-g\/","title":{"rendered":"Sukrin Kristallzucker 500 g"},"content":{"rendered":"<p>Sukrin Kristallzucker ist die nat\u00fcrliche Alternative zu Zucker. Sukrin schmeckt und sieht aus wie Zucker und wird aus nat\u00fcrlicher Quelle gewonnen. Der zahnfreundliche Zuckerersatz ist zudem sehr gut vertr\u00e4glich. Ideal verwendbar zum S\u00fc\u00dfen, Kochen und Backen.<\/p>\n","protected":false},"excerpt":{"rendered":"<p>Sukrin Kristallzucker ist die nat\u00fcrliche Alternative zu Zucker. Sukrin schmeckt und sieht aus wie Zucker und wird aus nat\u00fcrlicher Quelle gewonnen. Der zahnfreundliche Zuckerersatz ist zudem sehr gut vertr\u00e4glich. Ideal verwendbar zum S\u00fc\u00dfen, Kochen und Backen.<\/p>\n","protected":false},"featured_media":61648,"template":"","meta":{"_acf_changed":false},"product_brand":[],"product_cat":[791],"product_tag":[],"class_list":{"0":"post-61646","1":"product","2":"type-product","3":"status-publish","4":"has-post-thumbnail","6":"product_cat-s","7":"pa_packungsgroesse-500g","9":"first","10":"instock","11":"shipping-taxable","12":"purchasable","13":"product-type-simple"},"acf":[],"_links":{"self":[{"href":"https:\/\/www.ernstbrunn-apotheke.at\/katalog\/wp-json\/wp\/v2\/product\/61646","targetHints":{"allow":["GET"]}}],"collection":[{"href":"https:\/\/www.ernstbrunn-apotheke.at\/katalog\/wp-json\/wp\/v2\/product"}],"about":[{"href":"https:\/\/www.ernstbrunn-apotheke.at\/katalog\/wp-json\/wp\/v2\/types\/product"}],"wp:featuredmedia":[{"embeddable":true,"href":"https:\/\/www.ernstbrunn-apotheke.at\/katalog\/wp-json\/wp\/v2\/media\/61648"}],"wp:attachment":[{"href":"https:\/\/www.ernstbrunn-apotheke.at\/katalog\/wp-json\/wp\/v2\/media?parent=61646"}],"wp:term":[{"taxonomy":"product_brand","embeddable":true,"href":"https:\/\/www.ernstbrunn-apotheke.at\/katalog\/wp-json\/wp\/v2\/product_brand?post=61646"},{"taxonomy":"product_cat","embeddable":true,"href":"https:\/\/www.ernstbrunn-apotheke.at\/katalog\/wp-json\/wp\/v2\/product_cat?post=61646"},{"taxonomy":"product_tag","embeddable":true,"href":"https:\/\/www.ernstbrunn-apotheke.at\/katalog\/wp-json\/wp\/v2\/product_tag?post=61646"}],"curies":[{"name":"wp","href":"https:\/\/api.w.org\/{rel}","templated":true}]}}