{"id":61587,"date":"2025-11-11T10:14:57","date_gmt":"2025-11-11T09:14:57","guid":{"rendered":"https:\/\/www.ernstbrunn-apotheke.at\/katalog\/produkt\/cetaphil-feuchtigkeitscreme\/"},"modified":"2025-12-08T17:26:47","modified_gmt":"2025-12-08T16:26:47","slug":"cetaphil-feuchtigkeitscreme","status":"publish","type":"product","link":"https:\/\/www.ernstbrunn-apotheke.at\/katalog\/produkt\/cetaphil-feuchtigkeitscreme\/","title":{"rendered":"Cetaphil Feuchtigkeitscreme"},"content":{"rendered":"<p>Bei sehr trockener und irritierter Haut ist die Hautschutzbarriere meist nicht mehr intakt, wodurch viel Feuchtigkeit verloren geht. Daher brauchen Betroffene eine Reinigung, welche nicht zus\u00e4tzlich austrocknet sowie eine Pflege, welche dabei hilft, die nat\u00fcrliche Feuchtigkeit wieder herzustellen. Cetaphil Feuchtigkeitscreme mit Mandel\u00f6l versorgt trockene bis sehr trockene Haut mit Feuchtigkeit und sch\u00fctzt sie. Dadurch ist dies eine perfekte Pflege f\u00fcr Zonen, die besondere Aufmerksamkeit verlangen wie H\u00e4nde, Ellbogen und F\u00fcsse. Sie enth\u00e4lt besondere Wirkstoffe, welche die Haut sanft und geschmeidig machen, wobei spezielle Feuchtehaltfaktoren die Feuchtigkeit in der Haut binden und auf diese Art ein Austrocknen verhindern.<\/p>\n<p>Kann auf Gesicht und K\u00f6rper aufgetragen werden<\/p>\n<p>Geeignet f\u00fcr trockene und empfindliche Haut<\/p>\n<p>Unterst\u00fctzt die Hautschutzbarriere<\/p>\n<p>Beruhigt die Haut<\/p>\n<p>Enth\u00e4lt Vitamin E, Glycerin, Sonnenblumen- und Mandel\u00f6l<\/p>\n<p>Nicht komedogen<\/p>\n<p>Zieht schnell ein <\/p>\n","protected":false},"excerpt":{"rendered":"<p>Bei sehr trockener und irritierter Haut ist die Hautschutzbarriere meist nicht mehr intakt, wodurch viel Feuchtigkeit verloren geht. Daher brauchen Betroffene eine Reinigung, welche nicht zus\u00e4tzlich austrocknet sowie eine Pflege, welche dabei hilft, die nat\u00fcrliche Feuchtigkeit wieder herzustellen. Cetaphil Feuchtigkeitscreme mit Mandel\u00f6l versorgt trockene bis sehr trockene Haut mit Feuchtigkeit und sch\u00fctzt sie. Dadurch ist [&hellip;]<\/p>\n","protected":false},"featured_media":61589,"template":"","meta":{"_acf_changed":false},"product_brand":[699],"product_cat":[812],"product_tag":[],"class_list":{"0":"post-61587","1":"product","2":"type-product","3":"status-publish","4":"has-post-thumbnail","6":"product_brand-cetaphil","7":"product_cat-c","8":"pa_packungsgroesse-453g","10":"first","11":"instock","12":"shipping-taxable","13":"purchasable","14":"product-type-simple"},"acf":[],"_links":{"self":[{"href":"https:\/\/www.ernstbrunn-apotheke.at\/katalog\/wp-json\/wp\/v2\/product\/61587","targetHints":{"allow":["GET"]}}],"collection":[{"href":"https:\/\/www.ernstbrunn-apotheke.at\/katalog\/wp-json\/wp\/v2\/product"}],"about":[{"href":"https:\/\/www.ernstbrunn-apotheke.at\/katalog\/wp-json\/wp\/v2\/types\/product"}],"wp:featuredmedia":[{"embeddable":true,"href":"https:\/\/www.ernstbrunn-apotheke.at\/katalog\/wp-json\/wp\/v2\/media\/61589"}],"wp:attachment":[{"href":"https:\/\/www.ernstbrunn-apotheke.at\/katalog\/wp-json\/wp\/v2\/media?parent=61587"}],"wp:term":[{"taxonomy":"product_brand","embeddable":true,"href":"https:\/\/www.ernstbrunn-apotheke.at\/katalog\/wp-json\/wp\/v2\/product_brand?post=61587"},{"taxonomy":"product_cat","embeddable":true,"href":"https:\/\/www.ernstbrunn-apotheke.at\/katalog\/wp-json\/wp\/v2\/product_cat?post=61587"},{"taxonomy":"product_tag","embeddable":true,"href":"https:\/\/www.ernstbrunn-apotheke.at\/katalog\/wp-json\/wp\/v2\/product_tag?post=61587"}],"curies":[{"name":"wp","href":"https:\/\/api.w.org\/{rel}","templated":true}]}}