{"id":61585,"date":"2025-11-11T10:14:54","date_gmt":"2025-11-11T09:14:54","guid":{"rendered":"https:\/\/www.ernstbrunn-apotheke.at\/katalog\/produkt\/vitry-wimpern-serum-tonicils-11-ml\/"},"modified":"2025-12-08T17:26:46","modified_gmt":"2025-12-08T16:26:46","slug":"vitry-wimpern-serum-tonicils-11-ml","status":"publish","type":"product","link":"https:\/\/www.ernstbrunn-apotheke.at\/katalog\/produkt\/vitry-wimpern-serum-tonicils-11-ml\/","title":{"rendered":"Vitry Wimpern Serum Tonicils 11 ml"},"content":{"rendered":"<p>Vitry Wimpern Serum Tonicils ist ein Pflegeserum f\u00fcr ein beschleunigtes Wachstum von Wimpern und Augenbrauen. Seine Formel sorgt f\u00fcr rasche Dichte, Volumen und L\u00e4nge, indem sie Wimpernausfall verlangsamt und das Haarwachstum stimuliert.<\/p>\n","protected":false},"excerpt":{"rendered":"<p>Vitry Wimpern Serum Tonicils ist ein Pflegeserum f\u00fcr ein beschleunigtes Wachstum von Wimpern und Augenbrauen. Seine Formel sorgt f\u00fcr rasche Dichte, Volumen und L\u00e4nge, indem sie Wimpernausfall verlangsamt und das Haarwachstum stimuliert.<\/p>\n","protected":false},"featured_media":0,"template":"","meta":{"_acf_changed":false},"product_brand":[1178],"product_cat":[799],"product_tag":[],"class_list":{"0":"post-61585","1":"product","2":"type-product","3":"status-publish","5":"product_brand-vitry","6":"product_cat-v","7":"pa_packungsgroesse-11ml","9":"first","10":"instock","11":"shipping-taxable","12":"purchasable","13":"product-type-simple"},"acf":[],"_links":{"self":[{"href":"https:\/\/www.ernstbrunn-apotheke.at\/katalog\/wp-json\/wp\/v2\/product\/61585","targetHints":{"allow":["GET"]}}],"collection":[{"href":"https:\/\/www.ernstbrunn-apotheke.at\/katalog\/wp-json\/wp\/v2\/product"}],"about":[{"href":"https:\/\/www.ernstbrunn-apotheke.at\/katalog\/wp-json\/wp\/v2\/types\/product"}],"wp:attachment":[{"href":"https:\/\/www.ernstbrunn-apotheke.at\/katalog\/wp-json\/wp\/v2\/media?parent=61585"}],"wp:term":[{"taxonomy":"product_brand","embeddable":true,"href":"https:\/\/www.ernstbrunn-apotheke.at\/katalog\/wp-json\/wp\/v2\/product_brand?post=61585"},{"taxonomy":"product_cat","embeddable":true,"href":"https:\/\/www.ernstbrunn-apotheke.at\/katalog\/wp-json\/wp\/v2\/product_cat?post=61585"},{"taxonomy":"product_tag","embeddable":true,"href":"https:\/\/www.ernstbrunn-apotheke.at\/katalog\/wp-json\/wp\/v2\/product_tag?post=61585"}],"curies":[{"name":"wp","href":"https:\/\/api.w.org\/{rel}","templated":true}]}}