{"id":61582,"date":"2025-11-11T10:14:50","date_gmt":"2025-11-11T09:14:50","guid":{"rendered":"https:\/\/www.ernstbrunn-apotheke.at\/katalog\/produkt\/aries-bambule-milbenspray-200-ml\/"},"modified":"2025-12-08T17:26:45","modified_gmt":"2025-12-08T16:26:45","slug":"aries-bambule-milbenspray-200-ml","status":"publish","type":"product","link":"https:\/\/www.ernstbrunn-apotheke.at\/katalog\/produkt\/aries-bambule-milbenspray-200-ml\/","title":{"rendered":"Aries Bambule Milbenspray 200 ml"},"content":{"rendered":"<p>Aries Bambule Milbenspray 200ml sch\u00fctzt Matratzen, Decken, Teppiche und sonstige Textilien im Wohnbereich.  Der Neemextrakt, gewonnen aus den Bl\u00e4ttern und Samen des indischen Neembaumes, bek\u00e4mpft effektiv die sch\u00e4dlichen Milben. Dieses Produkt erhalten Sie in den Packungsgr\u00f6\u00dfen 50 ml und 200 ml.<\/p>\n","protected":false},"excerpt":{"rendered":"<p>Aries Bambule Milbenspray 200ml sch\u00fctzt Matratzen, Decken, Teppiche und sonstige Textilien im Wohnbereich. Der Neemextrakt, gewonnen aus den Bl\u00e4ttern und Samen des indischen Neembaumes, bek\u00e4mpft effektiv die sch\u00e4dlichen Milben. Dieses Produkt erhalten Sie in den Packungsgr\u00f6\u00dfen 50 ml und 200 ml.<\/p>\n","protected":false},"featured_media":61584,"template":"","meta":{"_acf_changed":false},"product_brand":[],"product_cat":[801],"product_tag":[],"class_list":{"0":"post-61582","1":"product","2":"type-product","3":"status-publish","4":"has-post-thumbnail","6":"product_cat-a","7":"pa_packungsgroesse-200ml","9":"first","10":"instock","11":"shipping-taxable","12":"purchasable","13":"product-type-simple"},"acf":[],"_links":{"self":[{"href":"https:\/\/www.ernstbrunn-apotheke.at\/katalog\/wp-json\/wp\/v2\/product\/61582","targetHints":{"allow":["GET"]}}],"collection":[{"href":"https:\/\/www.ernstbrunn-apotheke.at\/katalog\/wp-json\/wp\/v2\/product"}],"about":[{"href":"https:\/\/www.ernstbrunn-apotheke.at\/katalog\/wp-json\/wp\/v2\/types\/product"}],"wp:featuredmedia":[{"embeddable":true,"href":"https:\/\/www.ernstbrunn-apotheke.at\/katalog\/wp-json\/wp\/v2\/media\/61584"}],"wp:attachment":[{"href":"https:\/\/www.ernstbrunn-apotheke.at\/katalog\/wp-json\/wp\/v2\/media?parent=61582"}],"wp:term":[{"taxonomy":"product_brand","embeddable":true,"href":"https:\/\/www.ernstbrunn-apotheke.at\/katalog\/wp-json\/wp\/v2\/product_brand?post=61582"},{"taxonomy":"product_cat","embeddable":true,"href":"https:\/\/www.ernstbrunn-apotheke.at\/katalog\/wp-json\/wp\/v2\/product_cat?post=61582"},{"taxonomy":"product_tag","embeddable":true,"href":"https:\/\/www.ernstbrunn-apotheke.at\/katalog\/wp-json\/wp\/v2\/product_tag?post=61582"}],"curies":[{"name":"wp","href":"https:\/\/api.w.org\/{rel}","templated":true}]}}