{"id":61544,"date":"2025-11-11T10:14:03","date_gmt":"2025-11-11T09:14:03","guid":{"rendered":"https:\/\/www.ernstbrunn-apotheke.at\/katalog\/produkt\/hanoju-bio-chlorella-tabletten-400-mg-300-stk\/"},"modified":"2025-12-08T17:26:33","modified_gmt":"2025-12-08T16:26:33","slug":"hanoju-bio-chlorella-tabletten-400-mg-300-stk","status":"publish","type":"product","link":"https:\/\/www.ernstbrunn-apotheke.at\/katalog\/produkt\/hanoju-bio-chlorella-tabletten-400-mg-300-stk\/","title":{"rendered":"Hanoju Bio Chlorella Tabletten 400 mg 300 Stk."},"content":{"rendered":"<p>Hanoju Bio Chlorella Tabletten 400 mg enthalten, wie der Name bereits verr\u00e4t, Chlorella, eine S\u00fc\u00dfwasseralge die nat\u00fcrliche Vitamine, Mineralstoffe, Aminos\u00e4uren und sehr viel Chlorophyll enth\u00e4lt. Das Produkt enth\u00e4lt ausschlie\u00dflich biologische Inhaltsstoffe.<\/p>\n","protected":false},"excerpt":{"rendered":"<p>Hanoju Bio Chlorella Tabletten 400 mg enthalten, wie der Name bereits verr\u00e4t, Chlorella, eine S\u00fc\u00dfwasseralge die nat\u00fcrliche Vitamine, Mineralstoffe, Aminos\u00e4uren und sehr viel Chlorophyll enth\u00e4lt. Das Produkt enth\u00e4lt ausschlie\u00dflich biologische Inhaltsstoffe.<\/p>\n","protected":false},"featured_media":61546,"template":"","meta":{"_acf_changed":false},"product_brand":[],"product_cat":[805],"product_tag":[],"class_list":{"0":"post-61544","1":"product","2":"type-product","3":"status-publish","4":"has-post-thumbnail","6":"product_cat-h","7":"pa_packungsgroesse-300-stueck","9":"first","10":"instock","11":"shipping-taxable","12":"purchasable","13":"product-type-simple"},"acf":[],"_links":{"self":[{"href":"https:\/\/www.ernstbrunn-apotheke.at\/katalog\/wp-json\/wp\/v2\/product\/61544","targetHints":{"allow":["GET"]}}],"collection":[{"href":"https:\/\/www.ernstbrunn-apotheke.at\/katalog\/wp-json\/wp\/v2\/product"}],"about":[{"href":"https:\/\/www.ernstbrunn-apotheke.at\/katalog\/wp-json\/wp\/v2\/types\/product"}],"wp:featuredmedia":[{"embeddable":true,"href":"https:\/\/www.ernstbrunn-apotheke.at\/katalog\/wp-json\/wp\/v2\/media\/61546"}],"wp:attachment":[{"href":"https:\/\/www.ernstbrunn-apotheke.at\/katalog\/wp-json\/wp\/v2\/media?parent=61544"}],"wp:term":[{"taxonomy":"product_brand","embeddable":true,"href":"https:\/\/www.ernstbrunn-apotheke.at\/katalog\/wp-json\/wp\/v2\/product_brand?post=61544"},{"taxonomy":"product_cat","embeddable":true,"href":"https:\/\/www.ernstbrunn-apotheke.at\/katalog\/wp-json\/wp\/v2\/product_cat?post=61544"},{"taxonomy":"product_tag","embeddable":true,"href":"https:\/\/www.ernstbrunn-apotheke.at\/katalog\/wp-json\/wp\/v2\/product_tag?post=61544"}],"curies":[{"name":"wp","href":"https:\/\/api.w.org\/{rel}","templated":true}]}}