{"id":61458,"date":"2025-11-11T10:12:13","date_gmt":"2025-11-11T09:12:13","guid":{"rendered":"https:\/\/www.ernstbrunn-apotheke.at\/katalog\/produkt\/schwangerschaftstest-viola-fruehtest-1-stk\/"},"modified":"2025-12-08T17:26:06","modified_gmt":"2025-12-08T16:26:06","slug":"schwangerschaftstest-viola-fruehtest-1-stk","status":"publish","type":"product","link":"https:\/\/www.ernstbrunn-apotheke.at\/katalog\/produkt\/schwangerschaftstest-viola-fruehtest-1-stk\/","title":{"rendered":"Schwangerschaftstest Viola Fr\u00fchtest 1 Stk."},"content":{"rendered":"<p>Schwangerschaftstest Viola Fr\u00fchtest gibt Ihnen die M\u00f6glichkeit, noch schneller Klarheit \u00fcber eine m\u00f6gliche Schwangerschaft zu bekommen. Schon vor der F\u00e4lligkeit der Periode kann dieser Test durchgef\u00fchrt werden. Schon nach wenigen Minuten bietet der viola Schwangerschaftsfr\u00fchtest ein verl\u00e4ssliches Ergebnis.<\/p>\n","protected":false},"excerpt":{"rendered":"<p>Schwangerschaftstest Viola Fr\u00fchtest gibt Ihnen die M\u00f6glichkeit, noch schneller Klarheit \u00fcber eine m\u00f6gliche Schwangerschaft zu bekommen. Schon vor der F\u00e4lligkeit der Periode kann dieser Test durchgef\u00fchrt werden. Schon nach wenigen Minuten bietet der viola Schwangerschaftsfr\u00fchtest ein verl\u00e4ssliches Ergebnis.<\/p>\n","protected":false},"featured_media":61460,"template":"","meta":{"_acf_changed":false},"product_brand":[],"product_cat":[791],"product_tag":[],"class_list":{"0":"post-61458","1":"product","2":"type-product","3":"status-publish","4":"has-post-thumbnail","6":"product_cat-s","7":"pa_packungsgroesse-1-stueck","9":"first","10":"instock","11":"shipping-taxable","12":"purchasable","13":"product-type-simple"},"acf":[],"_links":{"self":[{"href":"https:\/\/www.ernstbrunn-apotheke.at\/katalog\/wp-json\/wp\/v2\/product\/61458","targetHints":{"allow":["GET"]}}],"collection":[{"href":"https:\/\/www.ernstbrunn-apotheke.at\/katalog\/wp-json\/wp\/v2\/product"}],"about":[{"href":"https:\/\/www.ernstbrunn-apotheke.at\/katalog\/wp-json\/wp\/v2\/types\/product"}],"wp:featuredmedia":[{"embeddable":true,"href":"https:\/\/www.ernstbrunn-apotheke.at\/katalog\/wp-json\/wp\/v2\/media\/61460"}],"wp:attachment":[{"href":"https:\/\/www.ernstbrunn-apotheke.at\/katalog\/wp-json\/wp\/v2\/media?parent=61458"}],"wp:term":[{"taxonomy":"product_brand","embeddable":true,"href":"https:\/\/www.ernstbrunn-apotheke.at\/katalog\/wp-json\/wp\/v2\/product_brand?post=61458"},{"taxonomy":"product_cat","embeddable":true,"href":"https:\/\/www.ernstbrunn-apotheke.at\/katalog\/wp-json\/wp\/v2\/product_cat?post=61458"},{"taxonomy":"product_tag","embeddable":true,"href":"https:\/\/www.ernstbrunn-apotheke.at\/katalog\/wp-json\/wp\/v2\/product_tag?post=61458"}],"curies":[{"name":"wp","href":"https:\/\/api.w.org\/{rel}","templated":true}]}}