{"id":61403,"date":"2025-11-11T10:10:47","date_gmt":"2025-11-11T09:10:47","guid":{"rendered":"https:\/\/www.ernstbrunn-apotheke.at\/katalog\/produkt\/rausch-hairspray-flexible-aerosol-75-ml\/"},"modified":"2025-12-08T17:25:55","modified_gmt":"2025-12-08T16:25:55","slug":"rausch-hairspray-flexible-aerosol-75-ml","status":"publish","type":"product","link":"https:\/\/www.ernstbrunn-apotheke.at\/katalog\/produkt\/rausch-hairspray-flexible-aerosol-75-ml\/","title":{"rendered":"Rausch Hairspray Flexible Aerosol 75 ml"},"content":{"rendered":"<p>Rausch Hairspray Flexible Aerosol bietet Ihrem Haar flexiblen, nat\u00fcrlichen Halt und besonderen Glanz. Es eignet sich perfekt f\u00fcr ein lockeres Finish oder zur Fixierung einzelner Haarpartien. Das Produkt enth\u00e4lt hochwertige Kr\u00e4uter- und Pflanzenextrakte, u.a pflegende Sonnenblume, die den Haaren Feuchtigkeit spendet und sie geschmeidig macht, sowie Sanddorn und Weizen, die einen brillianten Glanz verleihen.<\/p>\n","protected":false},"excerpt":{"rendered":"<p>Rausch Hairspray Flexible Aerosol bietet Ihrem Haar flexiblen, nat\u00fcrlichen Halt und besonderen Glanz. Es eignet sich perfekt f\u00fcr ein lockeres Finish oder zur Fixierung einzelner Haarpartien. Das Produkt enth\u00e4lt hochwertige Kr\u00e4uter- und Pflanzenextrakte, u.a pflegende Sonnenblume, die den Haaren Feuchtigkeit spendet und sie geschmeidig macht, sowie Sanddorn und Weizen, die einen brillianten Glanz verleihen.<\/p>\n","protected":false},"featured_media":61405,"template":"","meta":{"_acf_changed":false},"product_brand":[648],"product_cat":[808],"product_tag":[],"class_list":{"0":"post-61403","1":"product","2":"type-product","3":"status-publish","4":"has-post-thumbnail","6":"product_brand-rausch","7":"product_cat-r","8":"pa_packungsgroesse-75ml","10":"first","11":"instock","12":"shipping-taxable","13":"purchasable","14":"product-type-simple"},"acf":[],"_links":{"self":[{"href":"https:\/\/www.ernstbrunn-apotheke.at\/katalog\/wp-json\/wp\/v2\/product\/61403","targetHints":{"allow":["GET"]}}],"collection":[{"href":"https:\/\/www.ernstbrunn-apotheke.at\/katalog\/wp-json\/wp\/v2\/product"}],"about":[{"href":"https:\/\/www.ernstbrunn-apotheke.at\/katalog\/wp-json\/wp\/v2\/types\/product"}],"wp:featuredmedia":[{"embeddable":true,"href":"https:\/\/www.ernstbrunn-apotheke.at\/katalog\/wp-json\/wp\/v2\/media\/61405"}],"wp:attachment":[{"href":"https:\/\/www.ernstbrunn-apotheke.at\/katalog\/wp-json\/wp\/v2\/media?parent=61403"}],"wp:term":[{"taxonomy":"product_brand","embeddable":true,"href":"https:\/\/www.ernstbrunn-apotheke.at\/katalog\/wp-json\/wp\/v2\/product_brand?post=61403"},{"taxonomy":"product_cat","embeddable":true,"href":"https:\/\/www.ernstbrunn-apotheke.at\/katalog\/wp-json\/wp\/v2\/product_cat?post=61403"},{"taxonomy":"product_tag","embeddable":true,"href":"https:\/\/www.ernstbrunn-apotheke.at\/katalog\/wp-json\/wp\/v2\/product_tag?post=61403"}],"curies":[{"name":"wp","href":"https:\/\/api.w.org\/{rel}","templated":true}]}}