{"id":61351,"date":"2025-11-11T10:09:43","date_gmt":"2025-11-11T09:09:43","guid":{"rendered":"https:\/\/www.ernstbrunn-apotheke.at\/katalog\/produkt\/nutrini-drink-multi-fibre-200-1-stk-banane\/"},"modified":"2025-12-08T17:25:46","modified_gmt":"2025-12-08T16:25:46","slug":"nutrini-drink-multi-fibre-200-1-stk-banane","status":"publish","type":"product","link":"https:\/\/www.ernstbrunn-apotheke.at\/katalog\/produkt\/nutrini-drink-multi-fibre-200-1-stk-banane\/","title":{"rendered":"Nutrini Drink Multi Fibre 200 1 Stk. Banane"},"content":{"rendered":"<p>Nutrini Drink Multi Fibre 200 ist eine hochkalorische Trinknahrung speziell f\u00fcr Kinder mit einem funktionsf\u00e4higem Gastrointestinaltrakt. NEUTRAL &#8211; die einzige Trinknahrung mit Milchgeschmack &#8211; f\u00fcr Kinder, die nicht so s\u00fc\u00dfe Speisen bevorzugen.<\/p>\n","protected":false},"excerpt":{"rendered":"<p>Nutrini Drink Multi Fibre 200 ist eine hochkalorische Trinknahrung speziell f\u00fcr Kinder mit einem funktionsf\u00e4higem Gastrointestinaltrakt. NEUTRAL &#8211; die einzige Trinknahrung mit Milchgeschmack &#8211; f\u00fcr Kinder, die nicht so s\u00fc\u00dfe Speisen bevorzugen.<\/p>\n","protected":false},"featured_media":61353,"template":"","meta":{"_acf_changed":false},"product_brand":[],"product_cat":[797],"product_tag":[],"class_list":{"0":"post-61351","1":"product","2":"type-product","3":"status-publish","4":"has-post-thumbnail","6":"product_cat-n","7":"pa_geschmack-banane","8":"pa_packungsgroesse-1-stueck","10":"first","11":"instock","12":"shipping-taxable","13":"purchasable","14":"product-type-simple"},"acf":[],"_links":{"self":[{"href":"https:\/\/www.ernstbrunn-apotheke.at\/katalog\/wp-json\/wp\/v2\/product\/61351","targetHints":{"allow":["GET"]}}],"collection":[{"href":"https:\/\/www.ernstbrunn-apotheke.at\/katalog\/wp-json\/wp\/v2\/product"}],"about":[{"href":"https:\/\/www.ernstbrunn-apotheke.at\/katalog\/wp-json\/wp\/v2\/types\/product"}],"wp:featuredmedia":[{"embeddable":true,"href":"https:\/\/www.ernstbrunn-apotheke.at\/katalog\/wp-json\/wp\/v2\/media\/61353"}],"wp:attachment":[{"href":"https:\/\/www.ernstbrunn-apotheke.at\/katalog\/wp-json\/wp\/v2\/media?parent=61351"}],"wp:term":[{"taxonomy":"product_brand","embeddable":true,"href":"https:\/\/www.ernstbrunn-apotheke.at\/katalog\/wp-json\/wp\/v2\/product_brand?post=61351"},{"taxonomy":"product_cat","embeddable":true,"href":"https:\/\/www.ernstbrunn-apotheke.at\/katalog\/wp-json\/wp\/v2\/product_cat?post=61351"},{"taxonomy":"product_tag","embeddable":true,"href":"https:\/\/www.ernstbrunn-apotheke.at\/katalog\/wp-json\/wp\/v2\/product_tag?post=61351"}],"curies":[{"name":"wp","href":"https:\/\/api.w.org\/{rel}","templated":true}]}}