{"id":61328,"date":"2025-11-11T10:09:17","date_gmt":"2025-11-11T09:09:17","guid":{"rendered":"https:\/\/www.ernstbrunn-apotheke.at\/katalog\/produkt\/balanox-reflexzonen-strips-entgiften-12-stk-standard\/"},"modified":"2025-12-08T17:25:38","modified_gmt":"2025-12-08T16:25:38","slug":"balanox-reflexzonen-strips-entgiften-12-stk-standard","status":"publish","type":"product","link":"https:\/\/www.ernstbrunn-apotheke.at\/katalog\/produkt\/balanox-reflexzonen-strips-entgiften-12-stk-standard\/","title":{"rendered":"Balanox Reflexzonen-Strips Entgiften 12 Stk. Standard"},"content":{"rendered":"<p>Chili-Extrakt stimuliert die Fu\u00dfreflexzonen mit einem angenehmen Prickeln. Balanox Reflexzonen-Strips sorgen f\u00fcr mehr Erholung im Schlaf, bieten die Vorz\u00fcge einer entspannenden Reflexzonen-Behandlung, entschlacken den K\u00f6rper und steigern das Wohlbefinden.<\/p>\n","protected":false},"excerpt":{"rendered":"<p>Chili-Extrakt stimuliert die Fu\u00dfreflexzonen mit einem angenehmen Prickeln. Balanox Reflexzonen-Strips sorgen f\u00fcr mehr Erholung im Schlaf, bieten die Vorz\u00fcge einer entspannenden Reflexzonen-Behandlung, entschlacken den K\u00f6rper und steigern das Wohlbefinden.<\/p>\n","protected":false},"featured_media":61330,"template":"","meta":{"_acf_changed":false},"product_brand":[],"product_cat":[802],"product_tag":[],"class_list":{"0":"post-61328","1":"product","2":"type-product","3":"status-publish","4":"has-post-thumbnail","6":"product_cat-b","7":"pa_packungsgroesse-12-stueck","9":"first","10":"instock","11":"shipping-taxable","12":"purchasable","13":"product-type-simple"},"acf":[],"_links":{"self":[{"href":"https:\/\/www.ernstbrunn-apotheke.at\/katalog\/wp-json\/wp\/v2\/product\/61328","targetHints":{"allow":["GET"]}}],"collection":[{"href":"https:\/\/www.ernstbrunn-apotheke.at\/katalog\/wp-json\/wp\/v2\/product"}],"about":[{"href":"https:\/\/www.ernstbrunn-apotheke.at\/katalog\/wp-json\/wp\/v2\/types\/product"}],"wp:featuredmedia":[{"embeddable":true,"href":"https:\/\/www.ernstbrunn-apotheke.at\/katalog\/wp-json\/wp\/v2\/media\/61330"}],"wp:attachment":[{"href":"https:\/\/www.ernstbrunn-apotheke.at\/katalog\/wp-json\/wp\/v2\/media?parent=61328"}],"wp:term":[{"taxonomy":"product_brand","embeddable":true,"href":"https:\/\/www.ernstbrunn-apotheke.at\/katalog\/wp-json\/wp\/v2\/product_brand?post=61328"},{"taxonomy":"product_cat","embeddable":true,"href":"https:\/\/www.ernstbrunn-apotheke.at\/katalog\/wp-json\/wp\/v2\/product_cat?post=61328"},{"taxonomy":"product_tag","embeddable":true,"href":"https:\/\/www.ernstbrunn-apotheke.at\/katalog\/wp-json\/wp\/v2\/product_tag?post=61328"}],"curies":[{"name":"wp","href":"https:\/\/api.w.org\/{rel}","templated":true}]}}