{"id":61302,"date":"2025-11-11T10:08:45","date_gmt":"2025-11-11T09:08:45","guid":{"rendered":"https:\/\/www.ernstbrunn-apotheke.at\/katalog\/produkt\/wundpflege-comfort-strips-2gr-20-stk\/"},"modified":"2025-12-08T17:25:29","modified_gmt":"2025-12-08T16:25:29","slug":"wundpflege-comfort-strips-2gr-20-stk","status":"publish","type":"product","link":"https:\/\/www.ernstbrunn-apotheke.at\/katalog\/produkt\/wundpflege-comfort-strips-2gr-20-stk\/","title":{"rendered":"Wundpflege Comfort Strips 2GR 20 Stk."},"content":{"rendered":"<p>Wundpflaster Comfort Strips dienen zur Versorgung kleiner Verletzungen bei besonders empfindlicher Haut. Sie werden zur Abdeckung von oberfl\u00e4chlichen Wunden verwendet. Die hautfreundlichen Streifen verkleben nicht mit der Wunde, sind zudem zuverl\u00e4ssig klebend und zeichnen sich durch die hohe Luftdurchl\u00e4ssigkeit aus.<\/p>\n","protected":false},"excerpt":{"rendered":"<p>Wundpflaster Comfort Strips dienen zur Versorgung kleiner Verletzungen bei besonders empfindlicher Haut. Sie werden zur Abdeckung von oberfl\u00e4chlichen Wunden verwendet. Die hautfreundlichen Streifen verkleben nicht mit der Wunde, sind zudem zuverl\u00e4ssig klebend und zeichnen sich durch die hohe Luftdurchl\u00e4ssigkeit aus.<\/p>\n","protected":false},"featured_media":0,"template":"","meta":{"_acf_changed":false},"product_brand":[],"product_cat":[796],"product_tag":[],"class_list":{"0":"post-61302","1":"product","2":"type-product","3":"status-publish","5":"product_cat-w","6":"pa_packungsgroesse-20-stueck","8":"first","9":"instock","10":"shipping-taxable","11":"purchasable","12":"product-type-simple"},"acf":[],"_links":{"self":[{"href":"https:\/\/www.ernstbrunn-apotheke.at\/katalog\/wp-json\/wp\/v2\/product\/61302","targetHints":{"allow":["GET"]}}],"collection":[{"href":"https:\/\/www.ernstbrunn-apotheke.at\/katalog\/wp-json\/wp\/v2\/product"}],"about":[{"href":"https:\/\/www.ernstbrunn-apotheke.at\/katalog\/wp-json\/wp\/v2\/types\/product"}],"wp:attachment":[{"href":"https:\/\/www.ernstbrunn-apotheke.at\/katalog\/wp-json\/wp\/v2\/media?parent=61302"}],"wp:term":[{"taxonomy":"product_brand","embeddable":true,"href":"https:\/\/www.ernstbrunn-apotheke.at\/katalog\/wp-json\/wp\/v2\/product_brand?post=61302"},{"taxonomy":"product_cat","embeddable":true,"href":"https:\/\/www.ernstbrunn-apotheke.at\/katalog\/wp-json\/wp\/v2\/product_cat?post=61302"},{"taxonomy":"product_tag","embeddable":true,"href":"https:\/\/www.ernstbrunn-apotheke.at\/katalog\/wp-json\/wp\/v2\/product_tag?post=61302"}],"curies":[{"name":"wp","href":"https:\/\/api.w.org\/{rel}","templated":true}]}}