{"id":61261,"date":"2025-11-11T10:07:53","date_gmt":"2025-11-11T09:07:53","guid":{"rendered":"https:\/\/www.ernstbrunn-apotheke.at\/katalog\/produkt\/melasan-sportgetraenk-nutriose-640-g-johannisbeere-pulver\/"},"modified":"2025-12-08T17:25:20","modified_gmt":"2025-12-08T16:25:20","slug":"melasan-sportgetraenk-nutriose-640-g-johannisbeere-pulver","status":"publish","type":"product","link":"https:\/\/www.ernstbrunn-apotheke.at\/katalog\/produkt\/melasan-sportgetraenk-nutriose-640-g-johannisbeere-pulver\/","title":{"rendered":"Melasan Sportgetr\u00e4nk Nutriose 640 g Johannisbeere Pulver"},"content":{"rendered":"<p>Sportgetr\u00e4nk Nutriose Johanisbeere 640 g enth\u00e4lt Vitamine, Mineralstoffe, Spurenelemente und NUTRIOSE\u00ae, das nat\u00fcrliche Dextrin aus Weizen. Es tr\u00e4gt zu einer normalen Funktion des Immunsystems w\u00e4hrend und nach intensiver k\u00f6rperlicher Belastung sowie zur Erhaltung einer normalen Muskelfunktion bei  jetzt alle Produkte von Melasan zum Sonderpreis bestellen!<\/p>\n","protected":false},"excerpt":{"rendered":"<p>Sportgetr\u00e4nk Nutriose Johanisbeere 640 g enth\u00e4lt Vitamine, Mineralstoffe, Spurenelemente und NUTRIOSE\u00ae, das nat\u00fcrliche Dextrin aus Weizen. Es tr\u00e4gt zu einer normalen Funktion des Immunsystems w\u00e4hrend und nach intensiver k\u00f6rperlicher Belastung sowie zur Erhaltung einer normalen Muskelfunktion bei jetzt alle Produkte von Melasan zum Sonderpreis bestellen!<\/p>\n","protected":false},"featured_media":61263,"template":"","meta":{"_acf_changed":false},"product_brand":[373],"product_cat":[800],"product_tag":[],"class_list":{"0":"post-61261","1":"product","2":"type-product","3":"status-publish","4":"has-post-thumbnail","6":"product_brand-melasan","7":"product_cat-m","8":"pa_packungsgroesse-640g","10":"first","11":"instock","12":"shipping-taxable","13":"purchasable","14":"product-type-simple"},"acf":[],"_links":{"self":[{"href":"https:\/\/www.ernstbrunn-apotheke.at\/katalog\/wp-json\/wp\/v2\/product\/61261","targetHints":{"allow":["GET"]}}],"collection":[{"href":"https:\/\/www.ernstbrunn-apotheke.at\/katalog\/wp-json\/wp\/v2\/product"}],"about":[{"href":"https:\/\/www.ernstbrunn-apotheke.at\/katalog\/wp-json\/wp\/v2\/types\/product"}],"wp:featuredmedia":[{"embeddable":true,"href":"https:\/\/www.ernstbrunn-apotheke.at\/katalog\/wp-json\/wp\/v2\/media\/61263"}],"wp:attachment":[{"href":"https:\/\/www.ernstbrunn-apotheke.at\/katalog\/wp-json\/wp\/v2\/media?parent=61261"}],"wp:term":[{"taxonomy":"product_brand","embeddable":true,"href":"https:\/\/www.ernstbrunn-apotheke.at\/katalog\/wp-json\/wp\/v2\/product_brand?post=61261"},{"taxonomy":"product_cat","embeddable":true,"href":"https:\/\/www.ernstbrunn-apotheke.at\/katalog\/wp-json\/wp\/v2\/product_cat?post=61261"},{"taxonomy":"product_tag","embeddable":true,"href":"https:\/\/www.ernstbrunn-apotheke.at\/katalog\/wp-json\/wp\/v2\/product_tag?post=61261"}],"curies":[{"name":"wp","href":"https:\/\/api.w.org\/{rel}","templated":true}]}}