{"id":61177,"date":"2025-11-11T10:06:09","date_gmt":"2025-11-11T09:06:09","guid":{"rendered":"https:\/\/www.ernstbrunn-apotheke.at\/katalog\/produkt\/bioderma-hydrabio-serum-40-ml\/"},"modified":"2025-12-08T17:24:57","modified_gmt":"2025-12-08T16:24:57","slug":"bioderma-hydrabio-serum-40-ml","status":"publish","type":"product","link":"https:\/\/www.ernstbrunn-apotheke.at\/katalog\/produkt\/bioderma-hydrabio-serum-40-ml\/","title":{"rendered":"Bioderma Hydrabio Serum 40 ml"},"content":{"rendered":"<p>Bioderma Hydrabio Serum 40 ml ist ein intensiver Feuchtigkeitsbooster mit Hyalurons\u00e4ure f\u00fcr alle Hauttypen. Die leichte, fluidartige Textur zieht sofort ein. K\u00fchlender und hautentspannender Effekt. Die aktiven Inhaltsstoffe des Aquagenium\u00ae Patents wirken gezielt und effizient, damit die Haut ihre nat\u00fcrliche Feuchtigkeit zur\u00fcck erh\u00e4lt. Die Zirkulation des Wassers in den Hautzellen wird aktiviert. Ohne Parabene. Leichter, angenehmer Duft.<\/p>\n","protected":false},"excerpt":{"rendered":"<p>Bioderma Hydrabio Serum 40 ml ist ein intensiver Feuchtigkeitsbooster mit Hyalurons\u00e4ure f\u00fcr alle Hauttypen. Die leichte, fluidartige Textur zieht sofort ein. K\u00fchlender und hautentspannender Effekt. Die aktiven Inhaltsstoffe des Aquagenium\u00ae Patents wirken gezielt und effizient, damit die Haut ihre nat\u00fcrliche Feuchtigkeit zur\u00fcck erh\u00e4lt. Die Zirkulation des Wassers in den Hautzellen wird aktiviert. Ohne Parabene. Leichter, [&hellip;]<\/p>\n","protected":false},"featured_media":61179,"template":"","meta":{"_acf_changed":false},"product_brand":[657],"product_cat":[802],"product_tag":[],"class_list":{"0":"post-61177","1":"product","2":"type-product","3":"status-publish","4":"has-post-thumbnail","6":"product_brand-bioderma","7":"product_cat-b","8":"pa_packungsgroesse-40ml","10":"first","11":"instock","12":"shipping-taxable","13":"purchasable","14":"product-type-simple"},"acf":[],"_links":{"self":[{"href":"https:\/\/www.ernstbrunn-apotheke.at\/katalog\/wp-json\/wp\/v2\/product\/61177","targetHints":{"allow":["GET"]}}],"collection":[{"href":"https:\/\/www.ernstbrunn-apotheke.at\/katalog\/wp-json\/wp\/v2\/product"}],"about":[{"href":"https:\/\/www.ernstbrunn-apotheke.at\/katalog\/wp-json\/wp\/v2\/types\/product"}],"wp:featuredmedia":[{"embeddable":true,"href":"https:\/\/www.ernstbrunn-apotheke.at\/katalog\/wp-json\/wp\/v2\/media\/61179"}],"wp:attachment":[{"href":"https:\/\/www.ernstbrunn-apotheke.at\/katalog\/wp-json\/wp\/v2\/media?parent=61177"}],"wp:term":[{"taxonomy":"product_brand","embeddable":true,"href":"https:\/\/www.ernstbrunn-apotheke.at\/katalog\/wp-json\/wp\/v2\/product_brand?post=61177"},{"taxonomy":"product_cat","embeddable":true,"href":"https:\/\/www.ernstbrunn-apotheke.at\/katalog\/wp-json\/wp\/v2\/product_cat?post=61177"},{"taxonomy":"product_tag","embeddable":true,"href":"https:\/\/www.ernstbrunn-apotheke.at\/katalog\/wp-json\/wp\/v2\/product_tag?post=61177"}],"curies":[{"name":"wp","href":"https:\/\/api.w.org\/{rel}","templated":true}]}}