{"id":61163,"date":"2025-11-11T10:05:49","date_gmt":"2025-11-11T09:05:49","guid":{"rendered":"https:\/\/www.ernstbrunn-apotheke.at\/katalog\/produkt\/rotbaeckchen-immunstark-750-ml-bio\/"},"modified":"2025-12-08T17:24:54","modified_gmt":"2025-12-08T16:24:54","slug":"rotbaeckchen-immunstark-750-ml-bio","status":"publish","type":"product","link":"https:\/\/www.ernstbrunn-apotheke.at\/katalog\/produkt\/rotbaeckchen-immunstark-750-ml-bio\/","title":{"rendered":"Rotb\u00e4ckchen Immunstark 750 ml BIO"},"content":{"rendered":"<p>Damit unser Immunsystem leistungsf\u00e4hig bleibt, ben\u00f6tigt unser K\u00f6rper ausreichend Zink und Vitamin C. Denn beide k\u00f6nnen dabei helfen, die Funktion des Immunsystems zu unterst\u00fctzen.Zink ist ein wichtiges Spurenelement. Spurenelement hei\u00dft es deswegen, weil es nicht in (gro\u00dfen) Mengen, sondern nur in kleinsten Spuren im K\u00f6rper vorkommt. Zink kann allerdings nicht vom K\u00f6rper gebildet werden und muss daher regelm\u00e4\u00dfig \u00fcber die Ern\u00e4hrung zugef\u00fchrt werden. Dann kann es unter anderem zu einer normalen Funktion des Immunsystems beitragen.Auch Vitamin C kann die Funktion des Immunsystems unterst\u00fctzen &#8211; verf\u00fcgt aber auch \u00fcber zahlreiche weitere Funktionen im K\u00f6rper. So hilft es zum Beispiel dabei, M\u00fcdigkeit und Erm\u00fcdung zu verringern und sch\u00fctzt die Zellen vor oxidativem Stress.Der Rotb\u00e4ckchen Immunstark enth\u00e4lt diese beiden wichtigen N\u00e4hrstoffe..<\/p>\n","protected":false},"excerpt":{"rendered":"<p>Damit unser Immunsystem leistungsf\u00e4hig bleibt, ben\u00f6tigt unser K\u00f6rper ausreichend Zink und Vitamin C. Denn beide k\u00f6nnen dabei helfen, die Funktion des Immunsystems zu unterst\u00fctzen.Zink ist ein wichtiges Spurenelement. Spurenelement hei\u00dft es deswegen, weil es nicht in (gro\u00dfen) Mengen, sondern nur in kleinsten Spuren im K\u00f6rper vorkommt. Zink kann allerdings nicht vom K\u00f6rper gebildet werden und [&hellip;]<\/p>\n","protected":false},"featured_media":61165,"template":"","meta":{"_acf_changed":false},"product_brand":[],"product_cat":[808],"product_tag":[],"class_list":{"0":"post-61163","1":"product","2":"type-product","3":"status-publish","4":"has-post-thumbnail","6":"product_cat-r","7":"pa_packungsgroesse-750ml","9":"first","10":"instock","11":"shipping-taxable","12":"purchasable","13":"product-type-simple"},"acf":[],"_links":{"self":[{"href":"https:\/\/www.ernstbrunn-apotheke.at\/katalog\/wp-json\/wp\/v2\/product\/61163","targetHints":{"allow":["GET"]}}],"collection":[{"href":"https:\/\/www.ernstbrunn-apotheke.at\/katalog\/wp-json\/wp\/v2\/product"}],"about":[{"href":"https:\/\/www.ernstbrunn-apotheke.at\/katalog\/wp-json\/wp\/v2\/types\/product"}],"wp:featuredmedia":[{"embeddable":true,"href":"https:\/\/www.ernstbrunn-apotheke.at\/katalog\/wp-json\/wp\/v2\/media\/61165"}],"wp:attachment":[{"href":"https:\/\/www.ernstbrunn-apotheke.at\/katalog\/wp-json\/wp\/v2\/media?parent=61163"}],"wp:term":[{"taxonomy":"product_brand","embeddable":true,"href":"https:\/\/www.ernstbrunn-apotheke.at\/katalog\/wp-json\/wp\/v2\/product_brand?post=61163"},{"taxonomy":"product_cat","embeddable":true,"href":"https:\/\/www.ernstbrunn-apotheke.at\/katalog\/wp-json\/wp\/v2\/product_cat?post=61163"},{"taxonomy":"product_tag","embeddable":true,"href":"https:\/\/www.ernstbrunn-apotheke.at\/katalog\/wp-json\/wp\/v2\/product_tag?post=61163"}],"curies":[{"name":"wp","href":"https:\/\/api.w.org\/{rel}","templated":true}]}}