{"id":61157,"date":"2025-11-11T10:05:42","date_gmt":"2025-11-11T09:05:42","guid":{"rendered":"https:\/\/www.ernstbrunn-apotheke.at\/katalog\/produkt\/gehwol-med-sensitive-75-ml\/"},"modified":"2025-12-08T17:24:52","modified_gmt":"2025-12-08T16:24:52","slug":"gehwol-med-sensitive-75-ml","status":"publish","type":"product","link":"https:\/\/www.ernstbrunn-apotheke.at\/katalog\/produkt\/gehwol-med-sensitive-75-ml\/","title":{"rendered":"Gehwol Med. Sensitive  75 ml"},"content":{"rendered":"<p>GEHWOL\u00ae med. Sensitive ist eine medizinische Pflege f\u00fcr empfindliche Haut. Ihr sensitiver Wirkstoffkomplex regeneriert die nat\u00fcrliche Mikroflora der Haut, lindert Juckreiz und Hautbrennen und reduziert R\u00f6tungen. Die Pflege wirkt \u00fcberm\u00e4\u00dfiger Keimverbreitung entgegen und sch\u00fctzt vor Infektionen. Ceramide regenerieren die nat\u00fcrliche Barriereschutzfunktion der Haut und sch\u00fctzen sie vor Trockenheit und mildes Mandel\u00f6l beruhigt die Haut, pflegt sie angenehm weich und spendet intensiv und langanhaltend Feuchtigkeit. Auch geeignet zur therapiebegleitenden Pflege bei Diabetes, Neurodermitis, Fu\u00df- und Nagelpilz.<\/p>\n","protected":false},"excerpt":{"rendered":"<p>GEHWOL\u00ae med. Sensitive ist eine medizinische Pflege f\u00fcr empfindliche Haut. Ihr sensitiver Wirkstoffkomplex regeneriert die nat\u00fcrliche Mikroflora der Haut, lindert Juckreiz und Hautbrennen und reduziert R\u00f6tungen. Die Pflege wirkt \u00fcberm\u00e4\u00dfiger Keimverbreitung entgegen und sch\u00fctzt vor Infektionen. Ceramide regenerieren die nat\u00fcrliche Barriereschutzfunktion der Haut und sch\u00fctzen sie vor Trockenheit und mildes Mandel\u00f6l beruhigt die Haut, pflegt [&hellip;]<\/p>\n","protected":false},"featured_media":61159,"template":"","meta":{"_acf_changed":false},"product_brand":[320],"product_cat":[810],"product_tag":[],"class_list":{"0":"post-61157","1":"product","2":"type-product","3":"status-publish","4":"has-post-thumbnail","6":"product_brand-gehwol","7":"product_cat-g","8":"pa_packungsgroesse-75ml","10":"first","11":"instock","12":"shipping-taxable","13":"purchasable","14":"product-type-simple"},"acf":[],"_links":{"self":[{"href":"https:\/\/www.ernstbrunn-apotheke.at\/katalog\/wp-json\/wp\/v2\/product\/61157","targetHints":{"allow":["GET"]}}],"collection":[{"href":"https:\/\/www.ernstbrunn-apotheke.at\/katalog\/wp-json\/wp\/v2\/product"}],"about":[{"href":"https:\/\/www.ernstbrunn-apotheke.at\/katalog\/wp-json\/wp\/v2\/types\/product"}],"wp:featuredmedia":[{"embeddable":true,"href":"https:\/\/www.ernstbrunn-apotheke.at\/katalog\/wp-json\/wp\/v2\/media\/61159"}],"wp:attachment":[{"href":"https:\/\/www.ernstbrunn-apotheke.at\/katalog\/wp-json\/wp\/v2\/media?parent=61157"}],"wp:term":[{"taxonomy":"product_brand","embeddable":true,"href":"https:\/\/www.ernstbrunn-apotheke.at\/katalog\/wp-json\/wp\/v2\/product_brand?post=61157"},{"taxonomy":"product_cat","embeddable":true,"href":"https:\/\/www.ernstbrunn-apotheke.at\/katalog\/wp-json\/wp\/v2\/product_cat?post=61157"},{"taxonomy":"product_tag","embeddable":true,"href":"https:\/\/www.ernstbrunn-apotheke.at\/katalog\/wp-json\/wp\/v2\/product_tag?post=61157"}],"curies":[{"name":"wp","href":"https:\/\/api.w.org\/{rel}","templated":true}]}}