{"id":61100,"date":"2025-11-11T10:04:29","date_gmt":"2025-11-11T09:04:29","guid":{"rendered":"https:\/\/www.ernstbrunn-apotheke.at\/katalog\/produkt\/la-roche-posay-toleriane-teint-korrekturstift-gelb-18-ml\/"},"modified":"2025-12-08T17:24:31","modified_gmt":"2025-12-08T16:24:31","slug":"la-roche-posay-toleriane-teint-korrekturstift-gelb-18-ml","status":"publish","type":"product","link":"https:\/\/www.ernstbrunn-apotheke.at\/katalog\/produkt\/la-roche-posay-toleriane-teint-korrekturstift-gelb-18-ml\/","title":{"rendered":"La Roche-Posay Toleriane Teint Korrekturstift Gelb 1,8 ml"},"content":{"rendered":"<p>La Roche-Posay Toleriane Korrekturstift sorgt f\u00fcr die gezielte Abdeckung einzelner Stellen f\u00fcr empfindliche Haut. Er kaschiert alle Arten von Unregelm\u00e4\u00dfigkeiten gezielt, ohne die Haut zu \u00fcberladen. Er ist zudem mit einem feinen Applikator f\u00fcr pr\u00e4zises Auftragen ausgestattet.<\/p>\n","protected":false},"excerpt":{"rendered":"<p>La Roche-Posay Toleriane Korrekturstift sorgt f\u00fcr die gezielte Abdeckung einzelner Stellen f\u00fcr empfindliche Haut. Er kaschiert alle Arten von Unregelm\u00e4\u00dfigkeiten gezielt, ohne die Haut zu \u00fcberladen. Er ist zudem mit einem feinen Applikator f\u00fcr pr\u00e4zises Auftragen ausgestattet.<\/p>\n","protected":false},"featured_media":61102,"template":"","meta":{"_acf_changed":false},"product_brand":[677],"product_cat":[795],"product_tag":[],"class_list":{"0":"post-61100","1":"product","2":"type-product","3":"status-publish","4":"has-post-thumbnail","6":"product_brand-la-roche-posay","7":"product_cat-l","8":"pa_farbe-gelb","9":"pa_packungsgroesse-1-stueck","11":"first","12":"instock","13":"shipping-taxable","14":"purchasable","15":"product-type-simple"},"acf":[],"_links":{"self":[{"href":"https:\/\/www.ernstbrunn-apotheke.at\/katalog\/wp-json\/wp\/v2\/product\/61100","targetHints":{"allow":["GET"]}}],"collection":[{"href":"https:\/\/www.ernstbrunn-apotheke.at\/katalog\/wp-json\/wp\/v2\/product"}],"about":[{"href":"https:\/\/www.ernstbrunn-apotheke.at\/katalog\/wp-json\/wp\/v2\/types\/product"}],"wp:featuredmedia":[{"embeddable":true,"href":"https:\/\/www.ernstbrunn-apotheke.at\/katalog\/wp-json\/wp\/v2\/media\/61102"}],"wp:attachment":[{"href":"https:\/\/www.ernstbrunn-apotheke.at\/katalog\/wp-json\/wp\/v2\/media?parent=61100"}],"wp:term":[{"taxonomy":"product_brand","embeddable":true,"href":"https:\/\/www.ernstbrunn-apotheke.at\/katalog\/wp-json\/wp\/v2\/product_brand?post=61100"},{"taxonomy":"product_cat","embeddable":true,"href":"https:\/\/www.ernstbrunn-apotheke.at\/katalog\/wp-json\/wp\/v2\/product_cat?post=61100"},{"taxonomy":"product_tag","embeddable":true,"href":"https:\/\/www.ernstbrunn-apotheke.at\/katalog\/wp-json\/wp\/v2\/product_tag?post=61100"}],"curies":[{"name":"wp","href":"https:\/\/api.w.org\/{rel}","templated":true}]}}