{"id":61066,"date":"2025-11-11T10:03:38","date_gmt":"2025-11-11T09:03:38","guid":{"rendered":"https:\/\/www.ernstbrunn-apotheke.at\/katalog\/produkt\/luvos-heilerde-2-hautfein-pastillen-720-g\/"},"modified":"2025-12-08T17:24:25","modified_gmt":"2025-12-08T16:24:25","slug":"luvos-heilerde-2-hautfein-pastillen-720-g","status":"publish","type":"product","link":"https:\/\/www.ernstbrunn-apotheke.at\/katalog\/produkt\/luvos-heilerde-2-hautfein-pastillen-720-g\/","title":{"rendered":"Luvos Heilerde 2 Hautfein Pastillen 720 g"},"content":{"rendered":"<p>Merz ist ein unabh\u00e4ngiges, international t\u00e4tiges Unternehmen mit den Schwerpunkten \u00c4sthetik, Neurotoxine und regionale Produkte aus den Bereichen Dermatologie, Wellness und Body Care. H\u00f6chste Produktstandards werden insbesondere durch die eigene Forschung und Entwicklung gew\u00e4hrleistet. Sein ma\u00dfgeschneidertes, innovatives und stimmiges Produktportfolio macht Merz zu einem der bedeutendsten Unternehmen der \u00e4sthetischen Medizin  jetzt mit hohem Rabatt bestellen!<\/p>\n","protected":false},"excerpt":{"rendered":"<p>Merz ist ein unabh\u00e4ngiges, international t\u00e4tiges Unternehmen mit den Schwerpunkten \u00c4sthetik, Neurotoxine und regionale Produkte aus den Bereichen Dermatologie, Wellness und Body Care. H\u00f6chste Produktstandards werden insbesondere durch die eigene Forschung und Entwicklung gew\u00e4hrleistet. Sein ma\u00dfgeschneidertes, innovatives und stimmiges Produktportfolio macht Merz zu einem der bedeutendsten Unternehmen der \u00e4sthetischen Medizin jetzt mit hohem Rabatt bestellen!<\/p>\n","protected":false},"featured_media":61068,"template":"","meta":{"_acf_changed":false},"product_brand":[636],"product_cat":[795],"product_tag":[],"class_list":{"0":"post-61066","1":"product","2":"type-product","3":"status-publish","4":"has-post-thumbnail","6":"product_brand-luvos","7":"product_cat-l","8":"pa_packungsgroesse-720g","10":"first","11":"instock","12":"shipping-taxable","13":"purchasable","14":"product-type-simple"},"acf":[],"_links":{"self":[{"href":"https:\/\/www.ernstbrunn-apotheke.at\/katalog\/wp-json\/wp\/v2\/product\/61066","targetHints":{"allow":["GET"]}}],"collection":[{"href":"https:\/\/www.ernstbrunn-apotheke.at\/katalog\/wp-json\/wp\/v2\/product"}],"about":[{"href":"https:\/\/www.ernstbrunn-apotheke.at\/katalog\/wp-json\/wp\/v2\/types\/product"}],"wp:featuredmedia":[{"embeddable":true,"href":"https:\/\/www.ernstbrunn-apotheke.at\/katalog\/wp-json\/wp\/v2\/media\/61068"}],"wp:attachment":[{"href":"https:\/\/www.ernstbrunn-apotheke.at\/katalog\/wp-json\/wp\/v2\/media?parent=61066"}],"wp:term":[{"taxonomy":"product_brand","embeddable":true,"href":"https:\/\/www.ernstbrunn-apotheke.at\/katalog\/wp-json\/wp\/v2\/product_brand?post=61066"},{"taxonomy":"product_cat","embeddable":true,"href":"https:\/\/www.ernstbrunn-apotheke.at\/katalog\/wp-json\/wp\/v2\/product_cat?post=61066"},{"taxonomy":"product_tag","embeddable":true,"href":"https:\/\/www.ernstbrunn-apotheke.at\/katalog\/wp-json\/wp\/v2\/product_tag?post=61066"}],"curies":[{"name":"wp","href":"https:\/\/api.w.org\/{rel}","templated":true}]}}