{"id":60978,"date":"2025-11-11T10:01:39","date_gmt":"2025-11-11T09:01:39","guid":{"rendered":"https:\/\/www.ernstbrunn-apotheke.at\/katalog\/produkt\/wundpflege-elastisch-1m-x-4cm-1-stk\/"},"modified":"2025-12-08T17:24:03","modified_gmt":"2025-12-08T16:24:03","slug":"wundpflege-elastisch-1m-x-4cm-1-stk","status":"publish","type":"product","link":"https:\/\/www.ernstbrunn-apotheke.at\/katalog\/produkt\/wundpflege-elastisch-1m-x-4cm-1-stk\/","title":{"rendered":"Wundpflege Elastisch 1m x 4cm 1 Stk."},"content":{"rendered":"<p>Wundpflaster Elastisch ist ein Textilpflaster f\u00fcr Verletzungen im Alltag an konturierten, beweglichen K\u00f6rperstellen und Gelenken und dient zur Abdeckung von oberfl\u00e4chlichen Wunden. Das vielseitig verwendbare elastische Textilpflaster verklebt nicht mit der Wunde. Zudem ist es luftdurchl\u00e4ssig, hautvertr\u00e4glich und zuverl\u00e4ssig klebend.<\/p>\n","protected":false},"excerpt":{"rendered":"<p>Wundpflaster Elastisch ist ein Textilpflaster f\u00fcr Verletzungen im Alltag an konturierten, beweglichen K\u00f6rperstellen und Gelenken und dient zur Abdeckung von oberfl\u00e4chlichen Wunden. Das vielseitig verwendbare elastische Textilpflaster verklebt nicht mit der Wunde. Zudem ist es luftdurchl\u00e4ssig, hautvertr\u00e4glich und zuverl\u00e4ssig klebend.<\/p>\n","protected":false},"featured_media":0,"template":"","meta":{"_acf_changed":false},"product_brand":[],"product_cat":[796],"product_tag":[],"class_list":{"0":"post-60978","1":"product","2":"type-product","3":"status-publish","5":"product_cat-w","6":"pa_packungsgroesse-1-stueck","8":"first","9":"instock","10":"shipping-taxable","11":"purchasable","12":"product-type-simple"},"acf":[],"_links":{"self":[{"href":"https:\/\/www.ernstbrunn-apotheke.at\/katalog\/wp-json\/wp\/v2\/product\/60978","targetHints":{"allow":["GET"]}}],"collection":[{"href":"https:\/\/www.ernstbrunn-apotheke.at\/katalog\/wp-json\/wp\/v2\/product"}],"about":[{"href":"https:\/\/www.ernstbrunn-apotheke.at\/katalog\/wp-json\/wp\/v2\/types\/product"}],"wp:attachment":[{"href":"https:\/\/www.ernstbrunn-apotheke.at\/katalog\/wp-json\/wp\/v2\/media?parent=60978"}],"wp:term":[{"taxonomy":"product_brand","embeddable":true,"href":"https:\/\/www.ernstbrunn-apotheke.at\/katalog\/wp-json\/wp\/v2\/product_brand?post=60978"},{"taxonomy":"product_cat","embeddable":true,"href":"https:\/\/www.ernstbrunn-apotheke.at\/katalog\/wp-json\/wp\/v2\/product_cat?post=60978"},{"taxonomy":"product_tag","embeddable":true,"href":"https:\/\/www.ernstbrunn-apotheke.at\/katalog\/wp-json\/wp\/v2\/product_tag?post=60978"}],"curies":[{"name":"wp","href":"https:\/\/api.w.org\/{rel}","templated":true}]}}