{"id":60924,"date":"2025-11-11T10:00:15","date_gmt":"2025-11-11T09:00:15","guid":{"rendered":"https:\/\/www.ernstbrunn-apotheke.at\/katalog\/produkt\/life-light-aloe-vera-saft-bio-500-ml\/"},"modified":"2025-12-08T17:23:49","modified_gmt":"2025-12-08T16:23:49","slug":"life-light-aloe-vera-saft-bio-500-ml","status":"publish","type":"product","link":"https:\/\/www.ernstbrunn-apotheke.at\/katalog\/produkt\/life-light-aloe-vera-saft-bio-500-ml\/","title":{"rendered":"Life Light Aloe Vera Saft Bio 500 ml"},"content":{"rendered":"<p>Life Light Aloe Vera Saft Bio ist ein hochwertiger Direktsaft aus frischen, handgesch\u00e4lten Filets der Aloe Vera aus kontrolliert biologischem Anbau. Die verwendeten Bl\u00e4tter zeichnen sich durch ihren milden Geschmack und ihren hohen, nat\u00fcrlichen Aloverso-Gehalt aus. Der Saft wird f\u00fcr seine wohltuende Wirkung f\u00fcr Immunsystem und Stoffwechsel gesch\u00e4tzt.<\/p>\n","protected":false},"excerpt":{"rendered":"<p>Life Light Aloe Vera Saft Bio ist ein hochwertiger Direktsaft aus frischen, handgesch\u00e4lten Filets der Aloe Vera aus kontrolliert biologischem Anbau. Die verwendeten Bl\u00e4tter zeichnen sich durch ihren milden Geschmack und ihren hohen, nat\u00fcrlichen Aloverso-Gehalt aus. Der Saft wird f\u00fcr seine wohltuende Wirkung f\u00fcr Immunsystem und Stoffwechsel gesch\u00e4tzt.<\/p>\n","protected":false},"featured_media":60926,"template":"","meta":{"_acf_changed":false},"product_brand":[],"product_cat":[795],"product_tag":[],"class_list":{"0":"post-60924","1":"product","2":"type-product","3":"status-publish","4":"has-post-thumbnail","6":"product_cat-l","7":"pa_packungsgroesse-500ml","9":"first","10":"instock","11":"shipping-taxable","12":"purchasable","13":"product-type-simple"},"acf":[],"_links":{"self":[{"href":"https:\/\/www.ernstbrunn-apotheke.at\/katalog\/wp-json\/wp\/v2\/product\/60924","targetHints":{"allow":["GET"]}}],"collection":[{"href":"https:\/\/www.ernstbrunn-apotheke.at\/katalog\/wp-json\/wp\/v2\/product"}],"about":[{"href":"https:\/\/www.ernstbrunn-apotheke.at\/katalog\/wp-json\/wp\/v2\/types\/product"}],"wp:featuredmedia":[{"embeddable":true,"href":"https:\/\/www.ernstbrunn-apotheke.at\/katalog\/wp-json\/wp\/v2\/media\/60926"}],"wp:attachment":[{"href":"https:\/\/www.ernstbrunn-apotheke.at\/katalog\/wp-json\/wp\/v2\/media?parent=60924"}],"wp:term":[{"taxonomy":"product_brand","embeddable":true,"href":"https:\/\/www.ernstbrunn-apotheke.at\/katalog\/wp-json\/wp\/v2\/product_brand?post=60924"},{"taxonomy":"product_cat","embeddable":true,"href":"https:\/\/www.ernstbrunn-apotheke.at\/katalog\/wp-json\/wp\/v2\/product_cat?post=60924"},{"taxonomy":"product_tag","embeddable":true,"href":"https:\/\/www.ernstbrunn-apotheke.at\/katalog\/wp-json\/wp\/v2\/product_tag?post=60924"}],"curies":[{"name":"wp","href":"https:\/\/api.w.org\/{rel}","templated":true}]}}