{"id":60850,"date":"2025-11-11T09:58:39","date_gmt":"2025-11-11T08:58:39","guid":{"rendered":"https:\/\/www.ernstbrunn-apotheke.at\/katalog\/produkt\/coolike-koerpercreme-500-ml-olive\/"},"modified":"2025-12-08T17:23:25","modified_gmt":"2025-12-08T16:23:25","slug":"coolike-koerpercreme-500-ml-olive","status":"publish","type":"product","link":"https:\/\/www.ernstbrunn-apotheke.at\/katalog\/produkt\/coolike-koerpercreme-500-ml-olive\/","title":{"rendered":"Coolike K\u00f6rpercreme 500 ml Olive"},"content":{"rendered":"<p>Coolike K\u00f6rpercreme enth\u00e4lt Panthenol und Q10, welche der Haut intensive Feuchtigkeit spenden und ihre nat\u00fcrliche Regeneration f\u00f6rdern. Sie verleihen ein zartes Hautgef\u00fchl. F\u00fcr die t\u00e4gliche Anwendung geeignet.Dieses Produkt erhalten Sie in den Varianten Aloe Vera, Avocado, Olive und Mandel.<\/p>\n","protected":false},"excerpt":{"rendered":"<p>Coolike K\u00f6rpercreme enth\u00e4lt Panthenol und Q10, welche der Haut intensive Feuchtigkeit spenden und ihre nat\u00fcrliche Regeneration f\u00f6rdern. Sie verleihen ein zartes Hautgef\u00fchl. F\u00fcr die t\u00e4gliche Anwendung geeignet.Dieses Produkt erhalten Sie in den Varianten Aloe Vera, Avocado, Olive und Mandel.<\/p>\n","protected":false},"featured_media":60852,"template":"","meta":{"_acf_changed":false},"product_brand":[],"product_cat":[812],"product_tag":[],"class_list":{"0":"post-60850","1":"product","2":"type-product","3":"status-publish","4":"has-post-thumbnail","6":"product_cat-c","7":"pa_packungsgroesse-500ml","9":"first","10":"instock","11":"shipping-taxable","12":"purchasable","13":"product-type-simple"},"acf":[],"_links":{"self":[{"href":"https:\/\/www.ernstbrunn-apotheke.at\/katalog\/wp-json\/wp\/v2\/product\/60850","targetHints":{"allow":["GET"]}}],"collection":[{"href":"https:\/\/www.ernstbrunn-apotheke.at\/katalog\/wp-json\/wp\/v2\/product"}],"about":[{"href":"https:\/\/www.ernstbrunn-apotheke.at\/katalog\/wp-json\/wp\/v2\/types\/product"}],"wp:featuredmedia":[{"embeddable":true,"href":"https:\/\/www.ernstbrunn-apotheke.at\/katalog\/wp-json\/wp\/v2\/media\/60852"}],"wp:attachment":[{"href":"https:\/\/www.ernstbrunn-apotheke.at\/katalog\/wp-json\/wp\/v2\/media?parent=60850"}],"wp:term":[{"taxonomy":"product_brand","embeddable":true,"href":"https:\/\/www.ernstbrunn-apotheke.at\/katalog\/wp-json\/wp\/v2\/product_brand?post=60850"},{"taxonomy":"product_cat","embeddable":true,"href":"https:\/\/www.ernstbrunn-apotheke.at\/katalog\/wp-json\/wp\/v2\/product_cat?post=60850"},{"taxonomy":"product_tag","embeddable":true,"href":"https:\/\/www.ernstbrunn-apotheke.at\/katalog\/wp-json\/wp\/v2\/product_tag?post=60850"}],"curies":[{"name":"wp","href":"https:\/\/api.w.org\/{rel}","templated":true}]}}