{"id":60798,"date":"2025-11-11T09:57:34","date_gmt":"2025-11-11T08:57:34","guid":{"rendered":"https:\/\/www.ernstbrunn-apotheke.at\/katalog\/produkt\/dallmanns-salbei-honig-bonbons-60-g\/"},"modified":"2025-12-08T17:23:07","modified_gmt":"2025-12-08T16:23:07","slug":"dallmanns-salbei-honig-bonbons-60-g","status":"publish","type":"product","link":"https:\/\/www.ernstbrunn-apotheke.at\/katalog\/produkt\/dallmanns-salbei-honig-bonbons-60-g\/","title":{"rendered":"Dallmann\u00b4s Salbei Honig Bonbons 60 g"},"content":{"rendered":"<p>Dallmann\u00b4s Salbei Honig Bonbons sind eine eine sorgsam ausgew\u00e4hlte Komposition der Extraklasse. 6,5 % Lindenbl\u00fctenhonig und 1,1 % Salbeiextrakt vereinen sich zu einem einzigartigen Geschmackserlebnis. Dem enthaltenen Lindenbl\u00fctenhonig werden viele positive Eigenschaften zugeschrieben. So soll er etwa hustenl\u00f6send und immunst\u00e4rkend wirken. Mit der angenehmen S\u00fc\u00dfe sind diese Bonbons immer eine Wohltat.<\/p>\n","protected":false},"excerpt":{"rendered":"<p>Dallmann\u00b4s Salbei Honig Bonbons sind eine eine sorgsam ausgew\u00e4hlte Komposition der Extraklasse. 6,5 % Lindenbl\u00fctenhonig und 1,1 % Salbeiextrakt vereinen sich zu einem einzigartigen Geschmackserlebnis. Dem enthaltenen Lindenbl\u00fctenhonig werden viele positive Eigenschaften zugeschrieben. So soll er etwa hustenl\u00f6send und immunst\u00e4rkend wirken. Mit der angenehmen S\u00fc\u00dfe sind diese Bonbons immer eine Wohltat.<\/p>\n","protected":false},"featured_media":0,"template":"","meta":{"_acf_changed":false},"product_brand":[],"product_cat":[792],"product_tag":[],"class_list":{"0":"post-60798","1":"product","2":"type-product","3":"status-publish","5":"product_cat-d","6":"pa_packungsgroesse-60g","8":"first","9":"instock","10":"shipping-taxable","11":"purchasable","12":"product-type-simple"},"acf":[],"_links":{"self":[{"href":"https:\/\/www.ernstbrunn-apotheke.at\/katalog\/wp-json\/wp\/v2\/product\/60798","targetHints":{"allow":["GET"]}}],"collection":[{"href":"https:\/\/www.ernstbrunn-apotheke.at\/katalog\/wp-json\/wp\/v2\/product"}],"about":[{"href":"https:\/\/www.ernstbrunn-apotheke.at\/katalog\/wp-json\/wp\/v2\/types\/product"}],"wp:attachment":[{"href":"https:\/\/www.ernstbrunn-apotheke.at\/katalog\/wp-json\/wp\/v2\/media?parent=60798"}],"wp:term":[{"taxonomy":"product_brand","embeddable":true,"href":"https:\/\/www.ernstbrunn-apotheke.at\/katalog\/wp-json\/wp\/v2\/product_brand?post=60798"},{"taxonomy":"product_cat","embeddable":true,"href":"https:\/\/www.ernstbrunn-apotheke.at\/katalog\/wp-json\/wp\/v2\/product_cat?post=60798"},{"taxonomy":"product_tag","embeddable":true,"href":"https:\/\/www.ernstbrunn-apotheke.at\/katalog\/wp-json\/wp\/v2\/product_tag?post=60798"}],"curies":[{"name":"wp","href":"https:\/\/api.w.org\/{rel}","templated":true}]}}