{"id":60771,"date":"2025-11-11T09:56:58","date_gmt":"2025-11-11T08:56:58","guid":{"rendered":"https:\/\/www.ernstbrunn-apotheke.at\/katalog\/produkt\/nestle-optixpress-pflaumen-saft-200-ml-24-stk\/"},"modified":"2025-12-08T17:23:01","modified_gmt":"2025-12-08T16:23:01","slug":"nestle-optixpress-pflaumen-saft-200-ml-24-stk","status":"publish","type":"product","link":"https:\/\/www.ernstbrunn-apotheke.at\/katalog\/produkt\/nestle-optixpress-pflaumen-saft-200-ml-24-stk\/","title":{"rendered":"Nestl\u00e9 OptiXpress Pflaumen Saft 200 ml 24 Stk."},"content":{"rendered":"<p>OptiXpress Pflaumensaft 200 ml 24 Stk. ist ein verdauungsregulierender, nat\u00fcrlicher Saft aus getrockneten Pflaumen. Er wirkt auf nat\u00fcrliche Weise und hilft bei Verstopfung und V\u00f6llegef\u00fchl. Der ehemalige Resource Aktiva Saft ist ab 3 Jahren geeignet &#8211; jetzt dieses und viele weitere Produkte von Nestle bestellen!<\/p>\n","protected":false},"excerpt":{"rendered":"<p>OptiXpress Pflaumensaft 200 ml 24 Stk. ist ein verdauungsregulierender, nat\u00fcrlicher Saft aus getrockneten Pflaumen. Er wirkt auf nat\u00fcrliche Weise und hilft bei Verstopfung und V\u00f6llegef\u00fchl. Der ehemalige Resource Aktiva Saft ist ab 3 Jahren geeignet &#8211; jetzt dieses und viele weitere Produkte von Nestle bestellen!<\/p>\n","protected":false},"featured_media":60773,"template":"","meta":{"_acf_changed":false},"product_brand":[833],"product_cat":[797],"product_tag":[],"class_list":{"0":"post-60771","1":"product","2":"type-product","3":"status-publish","4":"has-post-thumbnail","6":"product_brand-nestle","7":"product_cat-n","8":"pa_packungsgroesse-24-stueck","10":"first","11":"instock","12":"shipping-taxable","13":"purchasable","14":"product-type-simple"},"acf":[],"_links":{"self":[{"href":"https:\/\/www.ernstbrunn-apotheke.at\/katalog\/wp-json\/wp\/v2\/product\/60771","targetHints":{"allow":["GET"]}}],"collection":[{"href":"https:\/\/www.ernstbrunn-apotheke.at\/katalog\/wp-json\/wp\/v2\/product"}],"about":[{"href":"https:\/\/www.ernstbrunn-apotheke.at\/katalog\/wp-json\/wp\/v2\/types\/product"}],"wp:featuredmedia":[{"embeddable":true,"href":"https:\/\/www.ernstbrunn-apotheke.at\/katalog\/wp-json\/wp\/v2\/media\/60773"}],"wp:attachment":[{"href":"https:\/\/www.ernstbrunn-apotheke.at\/katalog\/wp-json\/wp\/v2\/media?parent=60771"}],"wp:term":[{"taxonomy":"product_brand","embeddable":true,"href":"https:\/\/www.ernstbrunn-apotheke.at\/katalog\/wp-json\/wp\/v2\/product_brand?post=60771"},{"taxonomy":"product_cat","embeddable":true,"href":"https:\/\/www.ernstbrunn-apotheke.at\/katalog\/wp-json\/wp\/v2\/product_cat?post=60771"},{"taxonomy":"product_tag","embeddable":true,"href":"https:\/\/www.ernstbrunn-apotheke.at\/katalog\/wp-json\/wp\/v2\/product_tag?post=60771"}],"curies":[{"name":"wp","href":"https:\/\/api.w.org\/{rel}","templated":true}]}}