{"id":60733,"date":"2025-11-11T09:56:14","date_gmt":"2025-11-11T08:56:14","guid":{"rendered":"https:\/\/www.ernstbrunn-apotheke.at\/katalog\/produkt\/kneipp-sekunden-handcreme-75ml\/"},"modified":"2025-12-08T17:22:50","modified_gmt":"2025-12-08T16:22:50","slug":"kneipp-sekunden-handcreme-75ml","status":"publish","type":"product","link":"https:\/\/www.ernstbrunn-apotheke.at\/katalog\/produkt\/kneipp-sekunden-handcreme-75ml\/","title":{"rendered":"Kneipp Sekunden Handcreme 75ml"},"content":{"rendered":"<p>Samtweiche H\u00e4nde in Sekundenschnelle. Die pflanzliche Pflegeformel mit wertvoller Avocadobutter, Jojoba\u00f6l und Zitronenverbene pflegt die H\u00e4nde sp\u00fcrbar zart und geschmeidig \u2013 ohne ein klebriges Gef\u00fchl zu hinterlassen. Der vitalisierende Duft belebt die Sinne. Eincremen. Fertig. Los.<\/p>\n","protected":false},"excerpt":{"rendered":"<p>Samtweiche H\u00e4nde in Sekundenschnelle. Die pflanzliche Pflegeformel mit wertvoller Avocadobutter, Jojoba\u00f6l und Zitronenverbene pflegt die H\u00e4nde sp\u00fcrbar zart und geschmeidig \u2013 ohne ein klebriges Gef\u00fchl zu hinterlassen. Der vitalisierende Duft belebt die Sinne. Eincremen. Fertig. Los.<\/p>\n","protected":false},"featured_media":60735,"template":"","meta":{"_acf_changed":false},"product_brand":[662],"product_cat":[807],"product_tag":[],"class_list":{"0":"post-60733","1":"product","2":"type-product","3":"status-publish","4":"has-post-thumbnail","6":"product_brand-kneipp","7":"product_cat-k","8":"pa_packungsgroesse-75ml","10":"first","11":"instock","12":"shipping-taxable","13":"purchasable","14":"product-type-simple"},"acf":[],"_links":{"self":[{"href":"https:\/\/www.ernstbrunn-apotheke.at\/katalog\/wp-json\/wp\/v2\/product\/60733","targetHints":{"allow":["GET"]}}],"collection":[{"href":"https:\/\/www.ernstbrunn-apotheke.at\/katalog\/wp-json\/wp\/v2\/product"}],"about":[{"href":"https:\/\/www.ernstbrunn-apotheke.at\/katalog\/wp-json\/wp\/v2\/types\/product"}],"wp:featuredmedia":[{"embeddable":true,"href":"https:\/\/www.ernstbrunn-apotheke.at\/katalog\/wp-json\/wp\/v2\/media\/60735"}],"wp:attachment":[{"href":"https:\/\/www.ernstbrunn-apotheke.at\/katalog\/wp-json\/wp\/v2\/media?parent=60733"}],"wp:term":[{"taxonomy":"product_brand","embeddable":true,"href":"https:\/\/www.ernstbrunn-apotheke.at\/katalog\/wp-json\/wp\/v2\/product_brand?post=60733"},{"taxonomy":"product_cat","embeddable":true,"href":"https:\/\/www.ernstbrunn-apotheke.at\/katalog\/wp-json\/wp\/v2\/product_cat?post=60733"},{"taxonomy":"product_tag","embeddable":true,"href":"https:\/\/www.ernstbrunn-apotheke.at\/katalog\/wp-json\/wp\/v2\/product_tag?post=60733"}],"curies":[{"name":"wp","href":"https:\/\/api.w.org\/{rel}","templated":true}]}}