{"id":60677,"date":"2025-11-11T09:54:56","date_gmt":"2025-11-11T08:54:56","guid":{"rendered":"https:\/\/www.ernstbrunn-apotheke.at\/katalog\/produkt\/sal-29-perfect-lips-4-g\/"},"modified":"2025-12-08T17:22:39","modified_gmt":"2025-12-08T16:22:39","slug":"sal-29-perfect-lips-4-g","status":"publish","type":"product","link":"https:\/\/www.ernstbrunn-apotheke.at\/katalog\/produkt\/sal-29-perfect-lips-4-g\/","title":{"rendered":"SAL 29 Perfect Lips 4 g"},"content":{"rendered":"<p>SAL 29 Perfect Lips ist in der Lage die nat\u00fcrliche Kollagenbildung zu stimulieren und damit die Oberfl\u00e4chenstruktur der Lippen zu verbessern. Dar\u00fcber hinaus reduziert das Produkt die Tiefe der Lippenf\u00e4ltchen und besitzt einen volumengebenden Effekt. Optimiert den Feuchtigkeitsgehalt.<\/p>\n","protected":false},"excerpt":{"rendered":"<p>SAL 29 Perfect Lips ist in der Lage die nat\u00fcrliche Kollagenbildung zu stimulieren und damit die Oberfl\u00e4chenstruktur der Lippen zu verbessern. Dar\u00fcber hinaus reduziert das Produkt die Tiefe der Lippenf\u00e4ltchen und besitzt einen volumengebenden Effekt. Optimiert den Feuchtigkeitsgehalt.<\/p>\n","protected":false},"featured_media":60679,"template":"","meta":{"_acf_changed":false},"product_brand":[],"product_cat":[791],"product_tag":[],"class_list":{"0":"post-60677","1":"product","2":"type-product","3":"status-publish","4":"has-post-thumbnail","6":"product_cat-s","7":"pa_packungsgroesse-4g","9":"first","10":"instock","11":"shipping-taxable","12":"purchasable","13":"product-type-simple"},"acf":[],"_links":{"self":[{"href":"https:\/\/www.ernstbrunn-apotheke.at\/katalog\/wp-json\/wp\/v2\/product\/60677","targetHints":{"allow":["GET"]}}],"collection":[{"href":"https:\/\/www.ernstbrunn-apotheke.at\/katalog\/wp-json\/wp\/v2\/product"}],"about":[{"href":"https:\/\/www.ernstbrunn-apotheke.at\/katalog\/wp-json\/wp\/v2\/types\/product"}],"wp:featuredmedia":[{"embeddable":true,"href":"https:\/\/www.ernstbrunn-apotheke.at\/katalog\/wp-json\/wp\/v2\/media\/60679"}],"wp:attachment":[{"href":"https:\/\/www.ernstbrunn-apotheke.at\/katalog\/wp-json\/wp\/v2\/media?parent=60677"}],"wp:term":[{"taxonomy":"product_brand","embeddable":true,"href":"https:\/\/www.ernstbrunn-apotheke.at\/katalog\/wp-json\/wp\/v2\/product_brand?post=60677"},{"taxonomy":"product_cat","embeddable":true,"href":"https:\/\/www.ernstbrunn-apotheke.at\/katalog\/wp-json\/wp\/v2\/product_cat?post=60677"},{"taxonomy":"product_tag","embeddable":true,"href":"https:\/\/www.ernstbrunn-apotheke.at\/katalog\/wp-json\/wp\/v2\/product_tag?post=60677"}],"curies":[{"name":"wp","href":"https:\/\/api.w.org\/{rel}","templated":true}]}}