{"id":60639,"date":"2025-11-11T09:54:01","date_gmt":"2025-11-11T08:54:01","guid":{"rendered":"https:\/\/www.ernstbrunn-apotheke.at\/katalog\/produkt\/bioderma-sebium-h2o-reinigungsloesung-100-ml\/"},"modified":"2025-12-08T17:22:30","modified_gmt":"2025-12-08T16:22:30","slug":"bioderma-sebium-h2o-reinigungsloesung-100-ml","status":"publish","type":"product","link":"https:\/\/www.ernstbrunn-apotheke.at\/katalog\/produkt\/bioderma-sebium-h2o-reinigungsloesung-100-ml\/","title":{"rendered":"Bioderma S\u00e9bium H2O Reinigungsl\u00f6sung 100 ml"},"content":{"rendered":"<p>Bioderma S\u00e9bium H2O Reinigungsl\u00f6sung 100 ml ist eine kl\u00e4rende 4-in-1 Reinigungsl\u00f6sung (Reinigung + Make-up- + Augen-Make-up-Entferner + Gesichtswasser) bei Mischhaut, \u00f6liger Haut und Akne. Begleitend bei austrocknenden Aknetherapien. Wirkt talgregulierend und lindert Entz\u00fcndungen. Auch bei eingewachsenen Barthaaren oder als After-Shave-Lotion. Ohne Parabene, ohne Alkohol. Frischer Duft.<\/p>\n","protected":false},"excerpt":{"rendered":"<p>Bioderma S\u00e9bium H2O Reinigungsl\u00f6sung 100 ml ist eine kl\u00e4rende 4-in-1 Reinigungsl\u00f6sung (Reinigung + Make-up- + Augen-Make-up-Entferner + Gesichtswasser) bei Mischhaut, \u00f6liger Haut und Akne. Begleitend bei austrocknenden Aknetherapien. Wirkt talgregulierend und lindert Entz\u00fcndungen. Auch bei eingewachsenen Barthaaren oder als After-Shave-Lotion. Ohne Parabene, ohne Alkohol. Frischer Duft.<\/p>\n","protected":false},"featured_media":60641,"template":"","meta":{"_acf_changed":false},"product_brand":[657],"product_cat":[802],"product_tag":[],"class_list":{"0":"post-60639","1":"product","2":"type-product","3":"status-publish","4":"has-post-thumbnail","6":"product_brand-bioderma","7":"product_cat-b","8":"pa_packungsgroesse-100ml","9":"pa_packungsgroesse-250ml","10":"pa_packungsgroesse-500ml","12":"first","13":"instock","14":"shipping-taxable","15":"purchasable","16":"product-type-simple"},"acf":[],"_links":{"self":[{"href":"https:\/\/www.ernstbrunn-apotheke.at\/katalog\/wp-json\/wp\/v2\/product\/60639","targetHints":{"allow":["GET"]}}],"collection":[{"href":"https:\/\/www.ernstbrunn-apotheke.at\/katalog\/wp-json\/wp\/v2\/product"}],"about":[{"href":"https:\/\/www.ernstbrunn-apotheke.at\/katalog\/wp-json\/wp\/v2\/types\/product"}],"wp:featuredmedia":[{"embeddable":true,"href":"https:\/\/www.ernstbrunn-apotheke.at\/katalog\/wp-json\/wp\/v2\/media\/60641"}],"wp:attachment":[{"href":"https:\/\/www.ernstbrunn-apotheke.at\/katalog\/wp-json\/wp\/v2\/media?parent=60639"}],"wp:term":[{"taxonomy":"product_brand","embeddable":true,"href":"https:\/\/www.ernstbrunn-apotheke.at\/katalog\/wp-json\/wp\/v2\/product_brand?post=60639"},{"taxonomy":"product_cat","embeddable":true,"href":"https:\/\/www.ernstbrunn-apotheke.at\/katalog\/wp-json\/wp\/v2\/product_cat?post=60639"},{"taxonomy":"product_tag","embeddable":true,"href":"https:\/\/www.ernstbrunn-apotheke.at\/katalog\/wp-json\/wp\/v2\/product_tag?post=60639"}],"curies":[{"name":"wp","href":"https:\/\/api.w.org\/{rel}","templated":true}]}}