{"id":60542,"date":"2025-11-11T09:51:55","date_gmt":"2025-11-11T08:51:55","guid":{"rendered":"https:\/\/www.ernstbrunn-apotheke.at\/katalog\/produkt\/reichi-cafe-reishi-pilz-kaffee-kokos-vegan-180g\/"},"modified":"2025-12-08T17:22:06","modified_gmt":"2025-12-08T16:22:06","slug":"reichi-cafe-reishi-pilz-kaffee-kokos-vegan-180g","status":"publish","type":"product","link":"https:\/\/www.ernstbrunn-apotheke.at\/katalog\/produkt\/reichi-cafe-reishi-pilz-kaffee-kokos-vegan-180g\/","title":{"rendered":"ReiChi Cafe Reishi-Pilz Kaffee Kokos vegan 180g"},"content":{"rendered":"<p>ReiChi Cafe hat seinen Namen vom Reishi-Pilz, der in Asien bereits seit Jahrtausenden gro\u00dfe Verehrung genie\u00dft. \u201eChi\u201c hei\u00dft \u00fcbersetzt Lebenskraft. Erwecken Sie Ihre Lebenskraft* und genie\u00dfen Sie eine Tasse ReiChi Cafe. Das Besondere an ReiChi Cafe ist seine einzigartige Komposition, die das erlesene zartherbe Aroma von Reishi-Pilz, Ginseng, Guarana und Espresso-Kaffee mit der mild-cremigen Note von Kokosmilch vereint &#8211; nur mit hohem Rabatt, denn wir pulverisieren Preise!<\/p>\n<p>&#13;<\/p>\n<p>*) Pro Tasse ReiChi Cafe sind ca. 75 mg Koffein enthalten, das die Konzentration verbessert und die Aufmerksamkeit erh\u00f6ht\u00a0<\/p>\n","protected":false},"excerpt":{"rendered":"<p>ReiChi Cafe hat seinen Namen vom Reishi-Pilz, der in Asien bereits seit Jahrtausenden gro\u00dfe Verehrung genie\u00dft. \u201eChi\u201c hei\u00dft \u00fcbersetzt Lebenskraft. Erwecken Sie Ihre Lebenskraft* und genie\u00dfen Sie eine Tasse ReiChi Cafe. Das Besondere an ReiChi Cafe ist seine einzigartige Komposition, die das erlesene zartherbe Aroma von Reishi-Pilz, Ginseng, Guarana und Espresso-Kaffee mit der mild-cremigen Note [&hellip;]<\/p>\n","protected":false},"featured_media":60544,"template":"","meta":{"_acf_changed":false},"product_brand":[],"product_cat":[808],"product_tag":[],"class_list":{"0":"post-60542","1":"product","2":"type-product","3":"status-publish","4":"has-post-thumbnail","6":"product_cat-r","7":"pa_packungsgroesse-180g","9":"first","10":"instock","11":"shipping-taxable","12":"purchasable","13":"product-type-simple"},"acf":[],"_links":{"self":[{"href":"https:\/\/www.ernstbrunn-apotheke.at\/katalog\/wp-json\/wp\/v2\/product\/60542","targetHints":{"allow":["GET"]}}],"collection":[{"href":"https:\/\/www.ernstbrunn-apotheke.at\/katalog\/wp-json\/wp\/v2\/product"}],"about":[{"href":"https:\/\/www.ernstbrunn-apotheke.at\/katalog\/wp-json\/wp\/v2\/types\/product"}],"wp:featuredmedia":[{"embeddable":true,"href":"https:\/\/www.ernstbrunn-apotheke.at\/katalog\/wp-json\/wp\/v2\/media\/60544"}],"wp:attachment":[{"href":"https:\/\/www.ernstbrunn-apotheke.at\/katalog\/wp-json\/wp\/v2\/media?parent=60542"}],"wp:term":[{"taxonomy":"product_brand","embeddable":true,"href":"https:\/\/www.ernstbrunn-apotheke.at\/katalog\/wp-json\/wp\/v2\/product_brand?post=60542"},{"taxonomy":"product_cat","embeddable":true,"href":"https:\/\/www.ernstbrunn-apotheke.at\/katalog\/wp-json\/wp\/v2\/product_cat?post=60542"},{"taxonomy":"product_tag","embeddable":true,"href":"https:\/\/www.ernstbrunn-apotheke.at\/katalog\/wp-json\/wp\/v2\/product_tag?post=60542"}],"curies":[{"name":"wp","href":"https:\/\/api.w.org\/{rel}","templated":true}]}}