{"id":60485,"date":"2025-11-11T09:50:43","date_gmt":"2025-11-11T08:50:43","guid":{"rendered":"https:\/\/www.ernstbrunn-apotheke.at\/katalog\/produkt\/pectoral-brustkaramellen-60-g-zuckerfrei\/"},"modified":"2025-12-08T17:21:41","modified_gmt":"2025-12-08T16:21:41","slug":"pectoral-brustkaramellen-60-g-zuckerfrei","status":"publish","type":"product","link":"https:\/\/www.ernstbrunn-apotheke.at\/katalog\/produkt\/pectoral-brustkaramellen-60-g-zuckerfrei\/","title":{"rendered":"Pectoral Brustkaramellen 60 g Zuckerfrei"},"content":{"rendered":"<p>Pectoral Brustkaramellen werden seit Jahrzehnten nach traditioneller Rezeptur zubereitet. F\u00fcr diese Rezeptur werden nur besonders ausgew\u00e4hlte, hochwertige Ingredienzien verwendet. Dieses Produkt erhalten Sie in den Varianten Zuckerh\u00e4ltig (75 g) und Zuckerfrei (60 g).<\/p>\n","protected":false},"excerpt":{"rendered":"<p>Pectoral Brustkaramellen werden seit Jahrzehnten nach traditioneller Rezeptur zubereitet. F\u00fcr diese Rezeptur werden nur besonders ausgew\u00e4hlte, hochwertige Ingredienzien verwendet. Dieses Produkt erhalten Sie in den Varianten Zuckerh\u00e4ltig (75 g) und Zuckerfrei (60 g).<\/p>\n","protected":false},"featured_media":0,"template":"","meta":{"_acf_changed":false},"product_brand":[],"product_cat":[793],"product_tag":[],"class_list":{"0":"post-60485","1":"product","2":"type-product","3":"status-publish","5":"product_cat-p","6":"pa_packungsgroesse-57g","8":"first","9":"instock","10":"shipping-taxable","11":"purchasable","12":"product-type-simple"},"acf":[],"_links":{"self":[{"href":"https:\/\/www.ernstbrunn-apotheke.at\/katalog\/wp-json\/wp\/v2\/product\/60485","targetHints":{"allow":["GET"]}}],"collection":[{"href":"https:\/\/www.ernstbrunn-apotheke.at\/katalog\/wp-json\/wp\/v2\/product"}],"about":[{"href":"https:\/\/www.ernstbrunn-apotheke.at\/katalog\/wp-json\/wp\/v2\/types\/product"}],"wp:attachment":[{"href":"https:\/\/www.ernstbrunn-apotheke.at\/katalog\/wp-json\/wp\/v2\/media?parent=60485"}],"wp:term":[{"taxonomy":"product_brand","embeddable":true,"href":"https:\/\/www.ernstbrunn-apotheke.at\/katalog\/wp-json\/wp\/v2\/product_brand?post=60485"},{"taxonomy":"product_cat","embeddable":true,"href":"https:\/\/www.ernstbrunn-apotheke.at\/katalog\/wp-json\/wp\/v2\/product_cat?post=60485"},{"taxonomy":"product_tag","embeddable":true,"href":"https:\/\/www.ernstbrunn-apotheke.at\/katalog\/wp-json\/wp\/v2\/product_tag?post=60485"}],"curies":[{"name":"wp","href":"https:\/\/api.w.org\/{rel}","templated":true}]}}