{"id":60383,"date":"2025-11-11T09:48:34","date_gmt":"2025-11-11T08:48:34","guid":{"rendered":"https:\/\/www.ernstbrunn-apotheke.at\/katalog\/produkt\/weleda-granatapfel-24h-deo-roll-on-50-ml\/"},"modified":"2025-12-08T17:21:09","modified_gmt":"2025-12-08T16:21:09","slug":"weleda-granatapfel-24h-deo-roll-on-50-ml","status":"publish","type":"product","link":"https:\/\/www.ernstbrunn-apotheke.at\/katalog\/produkt\/weleda-granatapfel-24h-deo-roll-on-50-ml\/","title":{"rendered":"Weleda Granatapfel 24h Deo Roll-On 50 ml"},"content":{"rendered":"<div class=\"row\">&#13;<\/p>\n<div class=\"text col-xs-12 col-mm-10 offset-xs-0 offset-mm-1 mt-4\">Sinnlich und wirksam. Der Granatapfel 24h Deo Roll-On sch\u00fctzt auf nat\u00fcrliche Weise vor K\u00f6rpergeruch. Die exotische Kombination von Orange und Davana schafft mit den balsamischen Noten der Vanille ein sinnliches Dufterlebnis. Die wirksame Formulierung, mit nat\u00fcrlichen \u00e4therischen \u00d6len und Extrakten aus S\u00fcssholzwurzel und Hamamelis, sch\u00fctzt vor K\u00f6rpergeruch.<\/div>\n<p>&#13;\n<\/p><\/div>\n<p>&#13;<\/p>\n<div class=\"extended-benefits\">&#13;<\/p>\n<div class=\"row\">&#13;<\/p>\n<p class=\"h3 col-xs-12 col-mm-10 offset-xs-0 offset-mm-1\">\u00a0<\/p>\n<p>&#13;<\/p>\n<div class=\"rich-text text col-xs-12 col-mm-10 offset-xs-0 offset-mm-1\">&#13;<\/p>\n<ul>&#13;<\/p>\n<li>Nat\u00fcrlich wirksamer Schutz vor K\u00f6rpergeruch<\/li>\n<p>&#13;<\/p>\n<li>Ohne Aluminiumsalze<\/li>\n<p>&#13;<\/p>\n<li>Kein Verstopfen der Poren<\/li>\n<p>&#13;<\/p>\n<li>Hautvertr\u00e4glichkeit dermatologisch best\u00e4tigt<\/li>\n<p>&#13;\n<\/ul>\n<p>&#13;\n<\/p><\/div>\n<p>&#13;\n<\/p><\/div>\n<p>&#13;\n<\/p><\/div>\n","protected":false},"excerpt":{"rendered":"<p>&#13; Sinnlich und wirksam. Der Granatapfel 24h Deo Roll-On sch\u00fctzt auf nat\u00fcrliche Weise vor K\u00f6rpergeruch. Die exotische Kombination von Orange und Davana schafft mit den balsamischen Noten der Vanille ein sinnliches Dufterlebnis. Die wirksame Formulierung, mit nat\u00fcrlichen \u00e4therischen \u00d6len und Extrakten aus S\u00fcssholzwurzel und Hamamelis, sch\u00fctzt vor K\u00f6rpergeruch. &#13; &#13; &#13; &#13; \u00a0 &#13; &#13; [&hellip;]<\/p>\n","protected":false},"featured_media":60385,"template":"","meta":{"_acf_changed":false},"product_brand":[567],"product_cat":[796],"product_tag":[],"class_list":{"0":"post-60383","1":"product","2":"type-product","3":"status-publish","4":"has-post-thumbnail","6":"product_brand-weleda","7":"product_cat-w","8":"pa_packungsgroesse-50ml","10":"first","11":"instock","12":"shipping-taxable","13":"purchasable","14":"product-type-simple"},"acf":[],"_links":{"self":[{"href":"https:\/\/www.ernstbrunn-apotheke.at\/katalog\/wp-json\/wp\/v2\/product\/60383","targetHints":{"allow":["GET"]}}],"collection":[{"href":"https:\/\/www.ernstbrunn-apotheke.at\/katalog\/wp-json\/wp\/v2\/product"}],"about":[{"href":"https:\/\/www.ernstbrunn-apotheke.at\/katalog\/wp-json\/wp\/v2\/types\/product"}],"wp:featuredmedia":[{"embeddable":true,"href":"https:\/\/www.ernstbrunn-apotheke.at\/katalog\/wp-json\/wp\/v2\/media\/60385"}],"wp:attachment":[{"href":"https:\/\/www.ernstbrunn-apotheke.at\/katalog\/wp-json\/wp\/v2\/media?parent=60383"}],"wp:term":[{"taxonomy":"product_brand","embeddable":true,"href":"https:\/\/www.ernstbrunn-apotheke.at\/katalog\/wp-json\/wp\/v2\/product_brand?post=60383"},{"taxonomy":"product_cat","embeddable":true,"href":"https:\/\/www.ernstbrunn-apotheke.at\/katalog\/wp-json\/wp\/v2\/product_cat?post=60383"},{"taxonomy":"product_tag","embeddable":true,"href":"https:\/\/www.ernstbrunn-apotheke.at\/katalog\/wp-json\/wp\/v2\/product_tag?post=60383"}],"curies":[{"name":"wp","href":"https:\/\/api.w.org\/{rel}","templated":true}]}}