{"id":60346,"date":"2025-11-11T09:47:42","date_gmt":"2025-11-11T08:47:42","guid":{"rendered":"https:\/\/www.ernstbrunn-apotheke.at\/katalog\/produkt\/bioflora-lab-basen-pulver-mk-200-g\/"},"modified":"2025-12-08T17:20:57","modified_gmt":"2025-12-08T16:20:57","slug":"bioflora-lab-basen-pulver-mk-200-g","status":"publish","type":"product","link":"https:\/\/www.ernstbrunn-apotheke.at\/katalog\/produkt\/bioflora-lab-basen-pulver-mk-200-g\/","title":{"rendered":"Bioflora LAB Basen Pulver MK 200 g"},"content":{"rendered":"<p>Ehrmed Bioflora Basen Pulver Mk enth\u00e4lt Magnesium, Calcium und Kalium. Magnesium tr\u00e4gt zum Elektrolytgleichgewicht bei, w\u00e4hrend Calcium die normale Funktion von Verdauungsenzymen unterst\u00fctzt. Zur Aktivierung und Ents\u00e4uerung des Stoffwechsels.<\/p>\n","protected":false},"excerpt":{"rendered":"<p>Ehrmed Bioflora Basen Pulver Mk enth\u00e4lt Magnesium, Calcium und Kalium. Magnesium tr\u00e4gt zum Elektrolytgleichgewicht bei, w\u00e4hrend Calcium die normale Funktion von Verdauungsenzymen unterst\u00fctzt. Zur Aktivierung und Ents\u00e4uerung des Stoffwechsels.<\/p>\n","protected":false},"featured_media":60348,"template":"","meta":{"_acf_changed":false},"product_brand":[434],"product_cat":[802],"product_tag":[],"class_list":{"0":"post-60346","1":"product","2":"type-product","3":"status-publish","4":"has-post-thumbnail","6":"product_brand-bioflora-lab","7":"product_cat-b","8":"pa_packungsgroesse-200g","10":"first","11":"instock","12":"shipping-taxable","13":"purchasable","14":"product-type-simple"},"acf":[],"_links":{"self":[{"href":"https:\/\/www.ernstbrunn-apotheke.at\/katalog\/wp-json\/wp\/v2\/product\/60346","targetHints":{"allow":["GET"]}}],"collection":[{"href":"https:\/\/www.ernstbrunn-apotheke.at\/katalog\/wp-json\/wp\/v2\/product"}],"about":[{"href":"https:\/\/www.ernstbrunn-apotheke.at\/katalog\/wp-json\/wp\/v2\/types\/product"}],"wp:featuredmedia":[{"embeddable":true,"href":"https:\/\/www.ernstbrunn-apotheke.at\/katalog\/wp-json\/wp\/v2\/media\/60348"}],"wp:attachment":[{"href":"https:\/\/www.ernstbrunn-apotheke.at\/katalog\/wp-json\/wp\/v2\/media?parent=60346"}],"wp:term":[{"taxonomy":"product_brand","embeddable":true,"href":"https:\/\/www.ernstbrunn-apotheke.at\/katalog\/wp-json\/wp\/v2\/product_brand?post=60346"},{"taxonomy":"product_cat","embeddable":true,"href":"https:\/\/www.ernstbrunn-apotheke.at\/katalog\/wp-json\/wp\/v2\/product_cat?post=60346"},{"taxonomy":"product_tag","embeddable":true,"href":"https:\/\/www.ernstbrunn-apotheke.at\/katalog\/wp-json\/wp\/v2\/product_tag?post=60346"}],"curies":[{"name":"wp","href":"https:\/\/api.w.org\/{rel}","templated":true}]}}