{"id":60288,"date":"2025-11-11T09:46:21","date_gmt":"2025-11-11T08:46:21","guid":{"rendered":"https:\/\/www.ernstbrunn-apotheke.at\/katalog\/produkt\/adler-bachblueten-5-flower-tropfen-10-ml\/"},"modified":"2025-12-08T17:20:44","modified_gmt":"2025-12-08T16:20:44","slug":"adler-bachblueten-5-flower-tropfen-10-ml","status":"publish","type":"product","link":"https:\/\/www.ernstbrunn-apotheke.at\/katalog\/produkt\/adler-bachblueten-5-flower-tropfen-10-ml\/","title":{"rendered":"Adler Bachbl\u00fcten 5 flower Tropfen 10 ml"},"content":{"rendered":"<p>Adler Bachbl\u00fcten 5 flower Tropfen 10 ml werden sorgf\u00e4ltig nach dem von Julian Barnard entwickelten \u201eDoppelimpr\u00e4gnierverfahren\u201c hergestellt, welche die vollst\u00e4ndige \u00dcbertragung der Bachbl\u00fcteninformation auf die Zuckerk\u00fcgelchen garantiert. Diese Bachbl\u00fctenkombination aus den 5 Original Bachbl\u00fcten Cherry Plum, Clematis, Star of Bethlehem, Impatiens und Rock Rose, die Dr. Bach \u201aRescue\u2018 nannte, gibt innere Erleichterung in Krisen, bei Panik oder psychischen Ausnahmezust\u00e4nden.!<\/p>\n","protected":false},"excerpt":{"rendered":"<p>Adler Bachbl\u00fcten 5 flower Tropfen 10 ml werden sorgf\u00e4ltig nach dem von Julian Barnard entwickelten \u201eDoppelimpr\u00e4gnierverfahren\u201c hergestellt, welche die vollst\u00e4ndige \u00dcbertragung der Bachbl\u00fcteninformation auf die Zuckerk\u00fcgelchen garantiert. Diese Bachbl\u00fctenkombination aus den 5 Original Bachbl\u00fcten Cherry Plum, Clematis, Star of Bethlehem, Impatiens und Rock Rose, die Dr. Bach \u201aRescue\u2018 nannte, gibt innere Erleichterung in Krisen, bei [&hellip;]<\/p>\n","protected":false},"featured_media":60290,"template":"","meta":{"_acf_changed":false},"product_brand":[928],"product_cat":[801],"product_tag":[],"class_list":{"0":"post-60288","1":"product","2":"type-product","3":"status-publish","4":"has-post-thumbnail","6":"product_brand-adler-pharma","7":"product_cat-a","8":"pa_packungsgroesse-10ml","10":"first","11":"instock","12":"shipping-taxable","13":"purchasable","14":"product-type-simple"},"acf":[],"_links":{"self":[{"href":"https:\/\/www.ernstbrunn-apotheke.at\/katalog\/wp-json\/wp\/v2\/product\/60288","targetHints":{"allow":["GET"]}}],"collection":[{"href":"https:\/\/www.ernstbrunn-apotheke.at\/katalog\/wp-json\/wp\/v2\/product"}],"about":[{"href":"https:\/\/www.ernstbrunn-apotheke.at\/katalog\/wp-json\/wp\/v2\/types\/product"}],"wp:featuredmedia":[{"embeddable":true,"href":"https:\/\/www.ernstbrunn-apotheke.at\/katalog\/wp-json\/wp\/v2\/media\/60290"}],"wp:attachment":[{"href":"https:\/\/www.ernstbrunn-apotheke.at\/katalog\/wp-json\/wp\/v2\/media?parent=60288"}],"wp:term":[{"taxonomy":"product_brand","embeddable":true,"href":"https:\/\/www.ernstbrunn-apotheke.at\/katalog\/wp-json\/wp\/v2\/product_brand?post=60288"},{"taxonomy":"product_cat","embeddable":true,"href":"https:\/\/www.ernstbrunn-apotheke.at\/katalog\/wp-json\/wp\/v2\/product_cat?post=60288"},{"taxonomy":"product_tag","embeddable":true,"href":"https:\/\/www.ernstbrunn-apotheke.at\/katalog\/wp-json\/wp\/v2\/product_tag?post=60288"}],"curies":[{"name":"wp","href":"https:\/\/api.w.org\/{rel}","templated":true}]}}