{"id":60104,"date":"2025-11-10T22:48:36","date_gmt":"2025-11-10T21:48:36","guid":{"rendered":"https:\/\/www.ernstbrunn-apotheke.at\/katalog\/produkt\/axa-nova-power-gel-strong-50-ml\/"},"modified":"2025-12-08T17:19:56","modified_gmt":"2025-12-08T16:19:56","slug":"axa-nova-power-gel-strong-50-ml","status":"publish","type":"product","link":"https:\/\/www.ernstbrunn-apotheke.at\/katalog\/produkt\/axa-nova-power-gel-strong-50-ml\/","title":{"rendered":"Axa Nova Power Gel Strong 50 ml"},"content":{"rendered":"<p>Axa Nova Power Gel Strong 50 ml wird  zur Behandlung von Schmerzen und Verspannungen eingesetzt. Die schweizer Qualit\u00e4tsprodukte sind starke Mittel fu\u0308r Muskeln und Gelenke auf pflanzlicher Basis. Dank natu\u0308rlichem Wirksystem mit \u00e4therischen \u00d6len sp\u00fcren Sie bei allen Produkten rasch nach der Anwendung die starke Wirkung. Aufgetragen auf der Haut entfalten sie eine intensive K\u00e4lte- oder W\u00e4rmewirkung, je nach Zusammensetzung der Inhaltsstoffe bzw. je nach Produktlinie strong, cool oder activ.<\/p>\n","protected":false},"excerpt":{"rendered":"<p>Axa Nova Power Gel Strong 50 ml wird zur Behandlung von Schmerzen und Verspannungen eingesetzt. Die schweizer Qualit\u00e4tsprodukte sind starke Mittel fu\u0308r Muskeln und Gelenke auf pflanzlicher Basis. Dank natu\u0308rlichem Wirksystem mit \u00e4therischen \u00d6len sp\u00fcren Sie bei allen Produkten rasch nach der Anwendung die starke Wirkung. Aufgetragen auf der Haut entfalten sie eine intensive K\u00e4lte- [&hellip;]<\/p>\n","protected":false},"featured_media":60106,"template":"","meta":{"_acf_changed":false},"product_brand":[],"product_cat":[801],"product_tag":[],"class_list":{"0":"post-60104","1":"product","2":"type-product","3":"status-publish","4":"has-post-thumbnail","6":"product_cat-a","7":"pa_packungsgroesse-50ml","9":"first","10":"instock","11":"shipping-taxable","12":"purchasable","13":"product-type-simple"},"acf":[],"_links":{"self":[{"href":"https:\/\/www.ernstbrunn-apotheke.at\/katalog\/wp-json\/wp\/v2\/product\/60104","targetHints":{"allow":["GET"]}}],"collection":[{"href":"https:\/\/www.ernstbrunn-apotheke.at\/katalog\/wp-json\/wp\/v2\/product"}],"about":[{"href":"https:\/\/www.ernstbrunn-apotheke.at\/katalog\/wp-json\/wp\/v2\/types\/product"}],"wp:featuredmedia":[{"embeddable":true,"href":"https:\/\/www.ernstbrunn-apotheke.at\/katalog\/wp-json\/wp\/v2\/media\/60106"}],"wp:attachment":[{"href":"https:\/\/www.ernstbrunn-apotheke.at\/katalog\/wp-json\/wp\/v2\/media?parent=60104"}],"wp:term":[{"taxonomy":"product_brand","embeddable":true,"href":"https:\/\/www.ernstbrunn-apotheke.at\/katalog\/wp-json\/wp\/v2\/product_brand?post=60104"},{"taxonomy":"product_cat","embeddable":true,"href":"https:\/\/www.ernstbrunn-apotheke.at\/katalog\/wp-json\/wp\/v2\/product_cat?post=60104"},{"taxonomy":"product_tag","embeddable":true,"href":"https:\/\/www.ernstbrunn-apotheke.at\/katalog\/wp-json\/wp\/v2\/product_tag?post=60104"}],"curies":[{"name":"wp","href":"https:\/\/api.w.org\/{rel}","templated":true}]}}