{"id":60050,"date":"2025-11-10T22:48:15","date_gmt":"2025-11-10T21:48:15","guid":{"rendered":"https:\/\/www.ernstbrunn-apotheke.at\/katalog\/produkt\/bio-h-tin-nagelpolierfeile-1-stk\/"},"modified":"2025-12-08T17:19:44","modified_gmt":"2025-12-08T16:19:44","slug":"bio-h-tin-nagelpolierfeile-1-stk","status":"publish","type":"product","link":"https:\/\/www.ernstbrunn-apotheke.at\/katalog\/produkt\/bio-h-tin-nagelpolierfeile-1-stk\/","title":{"rendered":"Bio-h-tin Nagelpolierfeile 1 Stk."},"content":{"rendered":"<p>Bio-h-tin Nagelpolierfeile macht sch\u00f6ne N\u00e4gel noch attraktiver. Ganz ohne Chemie verschafft sie Ihren N\u00e4geln einen sichtbar gl\u00e4nzenden Auftritt. Auch als Soforthilfe bei bestehenden Nagelproblemen ist die Nagelpolierfeile zu empfehlen. Die Polierfeile schenkt Ihnen mit 3 einfachen Phasen perfekte N\u00e4gel.<\/p>\n","protected":false},"excerpt":{"rendered":"<p>Bio-h-tin Nagelpolierfeile macht sch\u00f6ne N\u00e4gel noch attraktiver. Ganz ohne Chemie verschafft sie Ihren N\u00e4geln einen sichtbar gl\u00e4nzenden Auftritt. Auch als Soforthilfe bei bestehenden Nagelproblemen ist die Nagelpolierfeile zu empfehlen. Die Polierfeile schenkt Ihnen mit 3 einfachen Phasen perfekte N\u00e4gel.<\/p>\n","protected":false},"featured_media":60052,"template":"","meta":{"_acf_changed":false},"product_brand":[634],"product_cat":[802],"product_tag":[],"class_list":{"0":"post-60050","1":"product","2":"type-product","3":"status-publish","4":"has-post-thumbnail","6":"product_brand-bio-h-tin","7":"product_cat-b","8":"pa_packungsgroesse-1-stueck","10":"first","11":"instock","12":"shipping-taxable","13":"purchasable","14":"product-type-simple"},"acf":[],"_links":{"self":[{"href":"https:\/\/www.ernstbrunn-apotheke.at\/katalog\/wp-json\/wp\/v2\/product\/60050","targetHints":{"allow":["GET"]}}],"collection":[{"href":"https:\/\/www.ernstbrunn-apotheke.at\/katalog\/wp-json\/wp\/v2\/product"}],"about":[{"href":"https:\/\/www.ernstbrunn-apotheke.at\/katalog\/wp-json\/wp\/v2\/types\/product"}],"wp:featuredmedia":[{"embeddable":true,"href":"https:\/\/www.ernstbrunn-apotheke.at\/katalog\/wp-json\/wp\/v2\/media\/60052"}],"wp:attachment":[{"href":"https:\/\/www.ernstbrunn-apotheke.at\/katalog\/wp-json\/wp\/v2\/media?parent=60050"}],"wp:term":[{"taxonomy":"product_brand","embeddable":true,"href":"https:\/\/www.ernstbrunn-apotheke.at\/katalog\/wp-json\/wp\/v2\/product_brand?post=60050"},{"taxonomy":"product_cat","embeddable":true,"href":"https:\/\/www.ernstbrunn-apotheke.at\/katalog\/wp-json\/wp\/v2\/product_cat?post=60050"},{"taxonomy":"product_tag","embeddable":true,"href":"https:\/\/www.ernstbrunn-apotheke.at\/katalog\/wp-json\/wp\/v2\/product_tag?post=60050"}],"curies":[{"name":"wp","href":"https:\/\/api.w.org\/{rel}","templated":true}]}}